{"id":64,"date":"2023-02-06T16:04:25","date_gmt":"2023-02-06T19:04:25","guid":{"rendered":"https:\/\/terraparque.tur.br\/?page_id=64"},"modified":"2026-01-09T09:35:14","modified_gmt":"2026-01-09T12:35:14","slug":"terra-formatura","status":"publish","type":"page","link":"https:\/\/terraparque.tur.br\/en\/terra-formatura\/","title":{"rendered":"Terra Formatura"},"content":{"rendered":"<p>O Terra Formatura fica localizado no Terra Parque Eco Resort, pr\u00f3ximo a Presidente Prudente &#8211; SP.<\/p>\n<p>Com competi\u00e7\u00f5es, esportes de aventura, parque aqu\u00e1tico com muitas piscinas e as melhores refei\u00e7\u00f5es.<\/p>\n<p>O Resort oferece uma experi\u00eancia completa e segura para voc\u00ea, aluno do 9\u00ba ano de todo o Brasil.<\/p>\n<p>O TF 2026 vai ter as melhores festas da sua vida, s\u00e3o:<\/p>\n<p>&#8211; Volcano Fest<br \/>\n&#8211; Unlimited Live<br \/>\n&#8211; Zin Colors<br \/>\n-Festa Fantasia + Funk In House<\/p>\n<p>Todos os dias tem fest\u00e3o!<\/p>\n<p>Al\u00e9m disso vai ter v\u00e1rios influenciadores na energia do TF curtindo junto com voc\u00ea.<\/p>\n<p>E olha essa super novidade para o Terra Formatura 2026, o TF Bunker Games, \u00e9 uma incr\u00edvel sala de jogos online para voc\u00ea aproveitar com sua turma!<\/p>","protected":false},"excerpt":{"rendered":"<p>O Terra Formatura fica localizado no Terra Parque Eco Resort, pr\u00f3ximo a Presidente Prudente &#8211; SP. Com competi\u00e7\u00f5es,&#8230;<\/p>","protected":false},"author":1,"featured_media":812,"parent":0,"menu_order":0,"comment_status":"closed","ping_status":"closed","template":"page-terra-formatura.php","meta":{"footnotes":""},"class_list":["post-64","page","type-page","status-publish","has-post-thumbnail","hentry"],"yoast_head":"<!-- This site is optimized with the Yoast SEO plugin v25.7 - https:\/\/yoast.com\/wordpress\/plugins\/seo\/ -->\n<title>Terra Formatura | Terra Parque<\/title>\n<meta name=\"description\" content=\"A sua viagem de formatura do 9\u00b0 ano tem que ser aqui, em um dos melhores resorts do Brasil, vem para o Terra Formatura!\" \/>\n<meta name=\"robots\" content=\"index, follow, max-snippet:-1, max-image-preview:large, max-video-preview:-1\" \/>\n<link rel=\"canonical\" href=\"https:\/\/terraparque.tur.br\/en\/terra-formatura\/\" \/>\n<meta property=\"og:locale\" content=\"en_US\" \/>\n<meta property=\"og:type\" content=\"article\" \/>\n<meta property=\"og:title\" content=\"Terra Formatura | Terra Parque\" \/>\n<meta property=\"og:description\" content=\"A sua viagem de formatura do 9\u00b0 ano tem que ser aqui, em um dos melhores resorts do Brasil, vem para o Terra Formatura!\" \/>\n<meta property=\"og:url\" content=\"https:\/\/terraparque.tur.br\/en\/terra-formatura\/\" \/>\n<meta property=\"og:site_name\" content=\"Terra Parque\" \/>\n<meta property=\"article:publisher\" content=\"https:\/\/www.facebook.com\/terraparque\" \/>\n<meta property=\"article:modified_time\" content=\"2026-01-09T12:35:14+00:00\" \/>\n<meta property=\"og:image\" content=\"https:\/\/terraparque.tur.br\/wp-content\/uploads\/2023\/03\/terra-formatura-21.png\" \/>\n\t<meta property=\"og:image:width\" content=\"1366\" \/>\n\t<meta property=\"og:image:height\" content=\"763\" \/>\n\t<meta property=\"og:image:type\" content=\"image\/png\" \/>\n<meta name=\"twitter:card\" content=\"summary_large_image\" \/>\n<meta name=\"twitter:label1\" content=\"Est. reading time\" \/>\n\t<meta name=\"twitter:data1\" content=\"1 minute\" \/>\n<script type=\"application\/ld+json\" class=\"yoast-schema-graph\">{\"@context\":\"https:\/\/schema.org\",\"@graph\":[{\"@type\":\"WebPage\",\"@id\":\"https:\/\/terraparque.tur.br\/terra-formatura\/\",\"url\":\"https:\/\/terraparque.tur.br\/terra-formatura\/\",\"name\":\"Terra Formatura | Terra Parque\",\"isPartOf\":{\"@id\":\"https:\/\/terraparque.tur.br\/#website\"},\"primaryImageOfPage\":{\"@id\":\"https:\/\/terraparque.tur.br\/terra-formatura\/#primaryimage\"},\"image\":{\"@id\":\"https:\/\/terraparque.tur.br\/terra-formatura\/#primaryimage\"},\"thumbnailUrl\":\"https:\/\/terraparque.tur.br\/wp-content\/uploads\/2023\/03\/terra-formatura-21.png\",\"datePublished\":\"2023-02-06T19:04:25+00:00\",\"dateModified\":\"2026-01-09T12:35:14+00:00\",\"description\":\"A sua viagem de formatura do 9\u00b0 ano tem que ser aqui, em um dos melhores resorts do Brasil, vem para o Terra Formatura!\",\"breadcrumb\":{\"@id\":\"https:\/\/terraparque.tur.br\/terra-formatura\/#breadcrumb\"},\"inLanguage\":\"en-US\",\"potentialAction\":[{\"@type\":\"ReadAction\",\"target\":[\"https:\/\/terraparque.tur.br\/terra-formatura\/\"]}]},{\"@type\":\"ImageObject\",\"inLanguage\":\"en-US\",\"@id\":\"https:\/\/terraparque.tur.br\/terra-formatura\/#primaryimage\",\"url\":\"https:\/\/terraparque.tur.br\/wp-content\/uploads\/2023\/03\/terra-formatura-21.png\",\"contentUrl\":\"https:\/\/terraparque.tur.br\/wp-content\/uploads\/2023\/03\/terra-formatura-21.png\",\"width\":1366,\"height\":763,\"caption\":\"Terra Formatura 21\"},{\"@type\":\"BreadcrumbList\",\"@id\":\"https:\/\/terraparque.tur.br\/terra-formatura\/#breadcrumb\",\"itemListElement\":[{\"@type\":\"ListItem\",\"position\":1,\"name\":\"Home\",\"item\":\"https:\/\/terraparque.tur.br\/\"},{\"@type\":\"ListItem\",\"position\":2,\"name\":\"Terra Formatura\"}]},{\"@type\":\"WebSite\",\"@id\":\"https:\/\/terraparque.tur.br\/#website\",\"url\":\"https:\/\/terraparque.tur.br\/\",\"name\":\"Terra Parque Eco Resort\",\"description\":\"\",\"publisher\":{\"@id\":\"https:\/\/terraparque.tur.br\/#organization\"},\"potentialAction\":[{\"@type\":\"SearchAction\",\"target\":{\"@type\":\"EntryPoint\",\"urlTemplate\":\"https:\/\/terraparque.tur.br\/?s={search_term_string}\"},\"query-input\":{\"@type\":\"PropertyValueSpecification\",\"valueRequired\":true,\"valueName\":\"search_term_string\"}}],\"inLanguage\":\"en-US\"},{\"@type\":\"Organization\",\"@id\":\"https:\/\/terraparque.tur.br\/#organization\",\"name\":\"Terra Parque Eco Resort\",\"url\":\"https:\/\/terraparque.tur.br\/\",\"logo\":{\"@type\":\"ImageObject\",\"inLanguage\":\"en-US\",\"@id\":\"https:\/\/terraparque.tur.br\/#\/schema\/logo\/image\/\",\"url\":\"https:\/\/terraparque.tur.br\/wp-content\/uploads\/2023\/03\/terra-favicon.png\",\"contentUrl\":\"https:\/\/terraparque.tur.br\/wp-content\/uploads\/2023\/03\/terra-favicon.png\",\"width\":512,\"height\":512,\"caption\":\"Terra Parque Eco Resort\"},\"image\":{\"@id\":\"https:\/\/terraparque.tur.br\/#\/schema\/logo\/image\/\"},\"sameAs\":[\"https:\/\/www.facebook.com\/terraparque\",\"https:\/\/www.instagram.com\/terraparque\/\",\"https:\/\/www.youtube.com\/terraparqueecoresort\",\"https:\/\/www.tiktok.com\/@terraparque\",\"https:\/\/www.tripadvisor.com.br\/Hotel_Review-g2350053-d2623441-Reviews-Terra_Parque_Eco_Resort-Pirapozinho_State_of_Sao_Paulo.html\"]}]}<\/script>\n<!-- \/ Yoast SEO plugin. -->","yoast_head_json":{"title":"Terra Formatura | Terra Parque","description":"A sua viagem de formatura do 9\u00b0 ano tem que ser aqui, em um dos melhores resorts do Brasil, vem para o Terra Formatura!","robots":{"index":"index","follow":"follow","max-snippet":"max-snippet:-1","max-image-preview":"max-image-preview:large","max-video-preview":"max-video-preview:-1"},"canonical":"https:\/\/terraparque.tur.br\/en\/terra-formatura\/","og_locale":"en_US","og_type":"article","og_title":"Terra Formatura | Terra Parque","og_description":"A sua viagem de formatura do 9\u00b0 ano tem que ser aqui, em um dos melhores resorts do Brasil, vem para o Terra Formatura!","og_url":"https:\/\/terraparque.tur.br\/en\/terra-formatura\/","og_site_name":"Terra Parque","article_publisher":"https:\/\/www.facebook.com\/terraparque","article_modified_time":"2026-01-09T12:35:14+00:00","og_image":[{"width":1366,"height":763,"url":"https:\/\/terraparque.tur.br\/wp-content\/uploads\/2023\/03\/terra-formatura-21.png","type":"image\/png"}],"twitter_card":"summary_large_image","twitter_misc":{"Est. reading time":"1 minute"},"schema":{"@context":"https:\/\/schema.org","@graph":[{"@type":"WebPage","@id":"https:\/\/terraparque.tur.br\/terra-formatura\/","url":"https:\/\/terraparque.tur.br\/terra-formatura\/","name":"Terra Formatura | Terra Parque","isPartOf":{"@id":"https:\/\/terraparque.tur.br\/#website"},"primaryImageOfPage":{"@id":"https:\/\/terraparque.tur.br\/terra-formatura\/#primaryimage"},"image":{"@id":"https:\/\/terraparque.tur.br\/terra-formatura\/#primaryimage"},"thumbnailUrl":"https:\/\/terraparque.tur.br\/wp-content\/uploads\/2023\/03\/terra-formatura-21.png","datePublished":"2023-02-06T19:04:25+00:00","dateModified":"2026-01-09T12:35:14+00:00","description":"A sua viagem de formatura do 9\u00b0 ano tem que ser aqui, em um dos melhores resorts do Brasil, vem para o Terra Formatura!","breadcrumb":{"@id":"https:\/\/terraparque.tur.br\/terra-formatura\/#breadcrumb"},"inLanguage":"en-US","potentialAction":[{"@type":"ReadAction","target":["https:\/\/terraparque.tur.br\/terra-formatura\/"]}]},{"@type":"ImageObject","inLanguage":"en-US","@id":"https:\/\/terraparque.tur.br\/terra-formatura\/#primaryimage","url":"https:\/\/terraparque.tur.br\/wp-content\/uploads\/2023\/03\/terra-formatura-21.png","contentUrl":"https:\/\/terraparque.tur.br\/wp-content\/uploads\/2023\/03\/terra-formatura-21.png","width":1366,"height":763,"caption":"Terra Formatura 21"},{"@type":"BreadcrumbList","@id":"https:\/\/terraparque.tur.br\/terra-formatura\/#breadcrumb","itemListElement":[{"@type":"ListItem","position":1,"name":"Home","item":"https:\/\/terraparque.tur.br\/"},{"@type":"ListItem","position":2,"name":"Terra Formatura"}]},{"@type":"WebSite","@id":"https:\/\/terraparque.tur.br\/#website","url":"https:\/\/terraparque.tur.br\/","name":"Terra Parque Eco Resort","description":"","publisher":{"@id":"https:\/\/terraparque.tur.br\/#organization"},"potentialAction":[{"@type":"SearchAction","target":{"@type":"EntryPoint","urlTemplate":"https:\/\/terraparque.tur.br\/?s={search_term_string}"},"query-input":{"@type":"PropertyValueSpecification","valueRequired":true,"valueName":"search_term_string"}}],"inLanguage":"en-US"},{"@type":"Organization","@id":"https:\/\/terraparque.tur.br\/#organization","name":"Terra Parque Eco Resort","url":"https:\/\/terraparque.tur.br\/","logo":{"@type":"ImageObject","inLanguage":"en-US","@id":"https:\/\/terraparque.tur.br\/#\/schema\/logo\/image\/","url":"https:\/\/terraparque.tur.br\/wp-content\/uploads\/2023\/03\/terra-favicon.png","contentUrl":"https:\/\/terraparque.tur.br\/wp-content\/uploads\/2023\/03\/terra-favicon.png","width":512,"height":512,"caption":"Terra Parque Eco Resort"},"image":{"@id":"https:\/\/terraparque.tur.br\/#\/schema\/logo\/image\/"},"sameAs":["https:\/\/www.facebook.com\/terraparque","https:\/\/www.instagram.com\/terraparque\/","https:\/\/www.youtube.com\/terraparqueecoresort","https:\/\/www.tiktok.com\/@terraparque","https:\/\/www.tripadvisor.com.br\/Hotel_Review-g2350053-d2623441-Reviews-Terra_Parque_Eco_Resort-Pirapozinho_State_of_Sao_Paulo.html"]}]}},"_links":{"self":[{"href":"https:\/\/terraparque.tur.br\/en\/wp-json\/wp\/v2\/pages\/64","targetHints":{"allow":["GET"]}}],"collection":[{"href":"https:\/\/terraparque.tur.br\/en\/wp-json\/wp\/v2\/pages"}],"about":[{"href":"https:\/\/terraparque.tur.br\/en\/wp-json\/wp\/v2\/types\/page"}],"author":[{"embeddable":true,"href":"https:\/\/terraparque.tur.br\/en\/wp-json\/wp\/v2\/users\/1"}],"replies":[{"embeddable":true,"href":"https:\/\/terraparque.tur.br\/en\/wp-json\/wp\/v2\/comments?post=64"}],"version-history":[{"count":0,"href":"https:\/\/terraparque.tur.br\/en\/wp-json\/wp\/v2\/pages\/64\/revisions"}],"wp:featuredmedia":[{"embeddable":true,"href":"https:\/\/terraparque.tur.br\/en\/wp-json\/wp\/v2\/media\/812"}],"wp:attachment":[{"href":"https:\/\/terraparque.tur.br\/en\/wp-json\/wp\/v2\/media?parent=64"}],"curies":[{"name":"wp","href":"https:\/\/api.w.org\/{rel}","templated":true}]}}