{"id":62,"date":"2023-02-06T16:04:06","date_gmt":"2023-02-06T19:04:06","guid":{"rendered":"https:\/\/terraparque.tur.br\/?page_id=62"},"modified":"2024-11-07T08:29:01","modified_gmt":"2024-11-07T11:29:01","slug":"spa","status":"publish","type":"page","link":"https:\/\/terraparque.tur.br\/en\/o-resort\/spa\/","title":{"rendered":"SPA"},"content":{"rendered":"<p>Spa completo com diversas terapias e tratamentos para aliviar estresse, rejuvenescer corpo e mente para quem busca um relaxamento profundo.<\/p>\n<h2>Massagens Relaxantes no Terra Spa:<\/h2>\n<p>Massagem no Spa do Terra Parque com movimentos suaves, lentos e profundos, alivia a tens\u00e3o muscular e estresse, restaura o corpo e melhora a qualidade do sono.<\/p>\n<h2>Bambuterapia no Terra Spa:<\/h2>\n<p><a href=\"https:\/\/www.mitrasestetica.com.br\/massagem-bambu.php#:~:text=A%20massagem%20com%20bambu%2C%20consiste,redu%C3%A7%C3%A3o%20do%20aspecto%20da%20celulite.\">Bambootherapy<\/a> \u00e9 ideal para pessoas com alto grau de exaust\u00e3o, principalmente onde o foco da massagem \u00e9 ajustar o equil\u00edbrio energ\u00e9tico aumentando o n\u00edvel de disposi\u00e7\u00e3o, a massagem mais recomendada para melhorar o bem-estar da pessoa.<\/p>\n<h2>Massagem de Pedras Quentes:<\/h2>\n<p>Similarmente, essa massagem envolve o uso de pedras quentes para aliviar a tens\u00e3o muscular e promover o relaxamento profundo, a massagem ideal para o aumento do fluxo de energia.<\/p>\n<h2>Cromoterapia:<\/h2>\n<p>Ao mesmo tempo, a piscina de cromoterapia associa o poder da hidromassagem com tratamento de cores e sais minerais que rejuvenescem a pele, e auxiliam no relaxamento.<\/p>\n<h2>Ventosaterapia:<\/h2>\n<p>Na ventosaterapia s\u00e3o usadas ventosas que melhoram sobretudo a circula\u00e7\u00e3o sangu\u00ednea na \u00e1rea desejada do corpo, ideal no combate a celulite, mas tamb\u00e9m em dores musculares e relaxamento do corpo e mente.<\/p>\n<p>Decerto, o <a href=\"https:\/\/terraparque.tur.br\/en\/o-resort\/spa\/\">Terra Spa<\/a>\u00a0possui todos esses tratamentos e muitos outros para quem busca relaxar de verdade, com diversas op\u00e7\u00f5es de tratamento e pacotes.<\/p>\n<h4>Outros tratamentos do Terra Spa:<\/h4>\n<p>Tratamento Talassoterapia no Terra Spa<\/p>\n<p>Ademais, massagem modeladora<\/p>\n<p>Tratamento com pindas chinesas<\/p>\n<p>Exfoliating massage<\/p>\n<p>Reflexology<\/p>\n<p>Assim como escalda p\u00e9s<\/p>\n<h3><strong>Benef\u00edcios para Corpo, Mente e Esp\u00edrito no Terra Spa<\/strong><\/h3>\n<p>Our treatments are not just a luxurious indulgence, but also offer tangible\u00a0<strong>benefits<\/strong> tang\u00edveis para a pele, o corpo, a mente e o esp\u00edrito. No Terra Parque Eco Resort, voc\u00ea encontrar\u00e1 uma s\u00e9rie de possibilidades para relaxar atrav\u00e9s de diferentes pacotes. Como o Spa para Casal, Spa para Noivos e o Spa Day, todos projetados para atender \u00e0s suas necessidades e desejos espec\u00edficos.<\/p>\n<h3><strong>Mais do que um Resort<\/strong><\/h3>\n<p>Sobretudo, o Terra Parque oferece um complexo aqu\u00e1tico com diversas <strong>pools<\/strong>\u00a0including a\u00a0<strong>volcanic pool<\/strong>. Enjoy\u00a0<strong>different themed meals<\/strong>\u00a0every day, with unlimited beer, soft drinks, juice, and water during meals. With 143 apartments divided into thematic villages, we offer the utmost comfort and quality. Each room is equipped with air conditioning, minibar, individual heating system bathroom, TV, whirlpool tub, and more, amidst over 324,000 square meters of green space.<\/p>","protected":false},"excerpt":{"rendered":"<p>Spa completo com diversas terapias e tratamentos para aliviar estresse, rejuvenescer corpo e mente para quem busca um&#8230;<\/p>","protected":false},"author":1,"featured_media":7,"parent":50,"menu_order":0,"comment_status":"closed","ping_status":"closed","template":"page-spa.php","meta":{"footnotes":""},"class_list":["post-62","page","type-page","status-publish","has-post-thumbnail","hentry"],"yoast_head":"<!-- This site is optimized with the Yoast SEO plugin v25.7 - https:\/\/yoast.com\/wordpress\/plugins\/seo\/ -->\n<title>Spa Terra Parque: Um verdadeiro o\u00e1sis de relaxamento<\/title>\n<meta name=\"description\" content=\"Spa completo com diversas terapias e tratamentos para aliviar estresse, rejuvenescer corpo e mente para quem busca um relaxamento profundo.\" \/>\n<meta name=\"robots\" content=\"index, follow, max-snippet:-1, max-image-preview:large, max-video-preview:-1\" \/>\n<link rel=\"canonical\" href=\"https:\/\/terraparque.tur.br\/en\/o-resort\/spa\/\" \/>\n<meta property=\"og:locale\" content=\"en_US\" \/>\n<meta property=\"og:type\" content=\"article\" \/>\n<meta property=\"og:title\" content=\"Spa Terra Parque: Um verdadeiro o\u00e1sis de relaxamento\" \/>\n<meta property=\"og:description\" content=\"Spa completo com diversas terapias e tratamentos para aliviar estresse, rejuvenescer corpo e mente para quem busca um relaxamento profundo.\" \/>\n<meta property=\"og:url\" content=\"https:\/\/terraparque.tur.br\/en\/o-resort\/spa\/\" \/>\n<meta property=\"og:site_name\" content=\"Terra Parque\" \/>\n<meta property=\"article:publisher\" content=\"https:\/\/www.facebook.com\/terraparque\" \/>\n<meta property=\"article:modified_time\" content=\"2024-11-07T11:29:01+00:00\" \/>\n<meta property=\"og:image\" content=\"https:\/\/terraparque.tur.br\/wp-content\/uploads\/2023\/02\/spa-terra-parque.png\" \/>\n\t<meta property=\"og:image:width\" content=\"1366\" \/>\n\t<meta property=\"og:image:height\" content=\"560\" \/>\n\t<meta property=\"og:image:type\" content=\"image\/png\" \/>\n<meta name=\"twitter:card\" content=\"summary_large_image\" \/>\n<meta name=\"twitter:label1\" content=\"Est. reading time\" \/>\n\t<meta name=\"twitter:data1\" content=\"3 minutes\" \/>\n<script type=\"application\/ld+json\" class=\"yoast-schema-graph\">{\"@context\":\"https:\/\/schema.org\",\"@graph\":[{\"@type\":\"WebPage\",\"@id\":\"https:\/\/terraparque.tur.br\/o-resort\/spa\/\",\"url\":\"https:\/\/terraparque.tur.br\/o-resort\/spa\/\",\"name\":\"Spa Terra Parque: Um verdadeiro o\u00e1sis de relaxamento\",\"isPartOf\":{\"@id\":\"https:\/\/terraparque.tur.br\/#website\"},\"primaryImageOfPage\":{\"@id\":\"https:\/\/terraparque.tur.br\/o-resort\/spa\/#primaryimage\"},\"image\":{\"@id\":\"https:\/\/terraparque.tur.br\/o-resort\/spa\/#primaryimage\"},\"thumbnailUrl\":\"https:\/\/terraparque.tur.br\/wp-content\/uploads\/2023\/02\/spa-terra-parque.png\",\"datePublished\":\"2023-02-06T19:04:06+00:00\",\"dateModified\":\"2024-11-07T11:29:01+00:00\",\"description\":\"Spa completo com diversas terapias e tratamentos para aliviar estresse, rejuvenescer corpo e mente para quem busca um relaxamento profundo.\",\"breadcrumb\":{\"@id\":\"https:\/\/terraparque.tur.br\/o-resort\/spa\/#breadcrumb\"},\"inLanguage\":\"en-US\",\"potentialAction\":[{\"@type\":\"ReadAction\",\"target\":[\"https:\/\/terraparque.tur.br\/o-resort\/spa\/\"]}]},{\"@type\":\"ImageObject\",\"inLanguage\":\"en-US\",\"@id\":\"https:\/\/terraparque.tur.br\/o-resort\/spa\/#primaryimage\",\"url\":\"https:\/\/terraparque.tur.br\/wp-content\/uploads\/2023\/02\/spa-terra-parque.png\",\"contentUrl\":\"https:\/\/terraparque.tur.br\/wp-content\/uploads\/2023\/02\/spa-terra-parque.png\",\"width\":1366,\"height\":560,\"caption\":\"Spa Terra Parque\"},{\"@type\":\"BreadcrumbList\",\"@id\":\"https:\/\/terraparque.tur.br\/o-resort\/spa\/#breadcrumb\",\"itemListElement\":[{\"@type\":\"ListItem\",\"position\":1,\"name\":\"Home\",\"item\":\"https:\/\/terraparque.tur.br\/\"},{\"@type\":\"ListItem\",\"position\":2,\"name\":\"O Resort\"},{\"@type\":\"ListItem\",\"position\":3,\"name\":\"SPA\"}]},{\"@type\":\"WebSite\",\"@id\":\"https:\/\/terraparque.tur.br\/#website\",\"url\":\"https:\/\/terraparque.tur.br\/\",\"name\":\"Terra Parque Eco Resort\",\"description\":\"\",\"publisher\":{\"@id\":\"https:\/\/terraparque.tur.br\/#organization\"},\"potentialAction\":[{\"@type\":\"SearchAction\",\"target\":{\"@type\":\"EntryPoint\",\"urlTemplate\":\"https:\/\/terraparque.tur.br\/?s={search_term_string}\"},\"query-input\":{\"@type\":\"PropertyValueSpecification\",\"valueRequired\":true,\"valueName\":\"search_term_string\"}}],\"inLanguage\":\"en-US\"},{\"@type\":\"Organization\",\"@id\":\"https:\/\/terraparque.tur.br\/#organization\",\"name\":\"Terra Parque Eco Resort\",\"url\":\"https:\/\/terraparque.tur.br\/\",\"logo\":{\"@type\":\"ImageObject\",\"inLanguage\":\"en-US\",\"@id\":\"https:\/\/terraparque.tur.br\/#\/schema\/logo\/image\/\",\"url\":\"https:\/\/terraparque.tur.br\/wp-content\/uploads\/2023\/03\/terra-favicon.png\",\"contentUrl\":\"https:\/\/terraparque.tur.br\/wp-content\/uploads\/2023\/03\/terra-favicon.png\",\"width\":512,\"height\":512,\"caption\":\"Terra Parque Eco Resort\"},\"image\":{\"@id\":\"https:\/\/terraparque.tur.br\/#\/schema\/logo\/image\/\"},\"sameAs\":[\"https:\/\/www.facebook.com\/terraparque\",\"https:\/\/www.instagram.com\/terraparque\/\",\"https:\/\/www.youtube.com\/terraparqueecoresort\",\"https:\/\/www.tiktok.com\/@terraparque\",\"https:\/\/www.tripadvisor.com.br\/Hotel_Review-g2350053-d2623441-Reviews-Terra_Parque_Eco_Resort-Pirapozinho_State_of_Sao_Paulo.html\"]}]}<\/script>\n<!-- \/ Yoast SEO plugin. -->","yoast_head_json":{"title":"Spa Terra Parque: Um verdadeiro o\u00e1sis de relaxamento","description":"Spa completo com diversas terapias e tratamentos para aliviar estresse, rejuvenescer corpo e mente para quem busca um relaxamento profundo.","robots":{"index":"index","follow":"follow","max-snippet":"max-snippet:-1","max-image-preview":"max-image-preview:large","max-video-preview":"max-video-preview:-1"},"canonical":"https:\/\/terraparque.tur.br\/en\/o-resort\/spa\/","og_locale":"en_US","og_type":"article","og_title":"Spa Terra Parque: Um verdadeiro o\u00e1sis de relaxamento","og_description":"Spa completo com diversas terapias e tratamentos para aliviar estresse, rejuvenescer corpo e mente para quem busca um relaxamento profundo.","og_url":"https:\/\/terraparque.tur.br\/en\/o-resort\/spa\/","og_site_name":"Terra Parque","article_publisher":"https:\/\/www.facebook.com\/terraparque","article_modified_time":"2024-11-07T11:29:01+00:00","og_image":[{"width":1366,"height":560,"url":"https:\/\/terraparque.tur.br\/wp-content\/uploads\/2023\/02\/spa-terra-parque.png","type":"image\/png"}],"twitter_card":"summary_large_image","twitter_misc":{"Est. reading time":"3 minutes"},"schema":{"@context":"https:\/\/schema.org","@graph":[{"@type":"WebPage","@id":"https:\/\/terraparque.tur.br\/o-resort\/spa\/","url":"https:\/\/terraparque.tur.br\/o-resort\/spa\/","name":"Spa Terra Parque: Um verdadeiro o\u00e1sis de relaxamento","isPartOf":{"@id":"https:\/\/terraparque.tur.br\/#website"},"primaryImageOfPage":{"@id":"https:\/\/terraparque.tur.br\/o-resort\/spa\/#primaryimage"},"image":{"@id":"https:\/\/terraparque.tur.br\/o-resort\/spa\/#primaryimage"},"thumbnailUrl":"https:\/\/terraparque.tur.br\/wp-content\/uploads\/2023\/02\/spa-terra-parque.png","datePublished":"2023-02-06T19:04:06+00:00","dateModified":"2024-11-07T11:29:01+00:00","description":"Spa completo com diversas terapias e tratamentos para aliviar estresse, rejuvenescer corpo e mente para quem busca um relaxamento profundo.","breadcrumb":{"@id":"https:\/\/terraparque.tur.br\/o-resort\/spa\/#breadcrumb"},"inLanguage":"en-US","potentialAction":[{"@type":"ReadAction","target":["https:\/\/terraparque.tur.br\/o-resort\/spa\/"]}]},{"@type":"ImageObject","inLanguage":"en-US","@id":"https:\/\/terraparque.tur.br\/o-resort\/spa\/#primaryimage","url":"https:\/\/terraparque.tur.br\/wp-content\/uploads\/2023\/02\/spa-terra-parque.png","contentUrl":"https:\/\/terraparque.tur.br\/wp-content\/uploads\/2023\/02\/spa-terra-parque.png","width":1366,"height":560,"caption":"Spa Terra Parque"},{"@type":"BreadcrumbList","@id":"https:\/\/terraparque.tur.br\/o-resort\/spa\/#breadcrumb","itemListElement":[{"@type":"ListItem","position":1,"name":"Home","item":"https:\/\/terraparque.tur.br\/"},{"@type":"ListItem","position":2,"name":"O Resort"},{"@type":"ListItem","position":3,"name":"SPA"}]},{"@type":"WebSite","@id":"https:\/\/terraparque.tur.br\/#website","url":"https:\/\/terraparque.tur.br\/","name":"Terra Parque Eco Resort","description":"","publisher":{"@id":"https:\/\/terraparque.tur.br\/#organization"},"potentialAction":[{"@type":"SearchAction","target":{"@type":"EntryPoint","urlTemplate":"https:\/\/terraparque.tur.br\/?s={search_term_string}"},"query-input":{"@type":"PropertyValueSpecification","valueRequired":true,"valueName":"search_term_string"}}],"inLanguage":"en-US"},{"@type":"Organization","@id":"https:\/\/terraparque.tur.br\/#organization","name":"Terra Parque Eco Resort","url":"https:\/\/terraparque.tur.br\/","logo":{"@type":"ImageObject","inLanguage":"en-US","@id":"https:\/\/terraparque.tur.br\/#\/schema\/logo\/image\/","url":"https:\/\/terraparque.tur.br\/wp-content\/uploads\/2023\/03\/terra-favicon.png","contentUrl":"https:\/\/terraparque.tur.br\/wp-content\/uploads\/2023\/03\/terra-favicon.png","width":512,"height":512,"caption":"Terra Parque Eco Resort"},"image":{"@id":"https:\/\/terraparque.tur.br\/#\/schema\/logo\/image\/"},"sameAs":["https:\/\/www.facebook.com\/terraparque","https:\/\/www.instagram.com\/terraparque\/","https:\/\/www.youtube.com\/terraparqueecoresort","https:\/\/www.tiktok.com\/@terraparque","https:\/\/www.tripadvisor.com.br\/Hotel_Review-g2350053-d2623441-Reviews-Terra_Parque_Eco_Resort-Pirapozinho_State_of_Sao_Paulo.html"]}]}},"_links":{"self":[{"href":"https:\/\/terraparque.tur.br\/en\/wp-json\/wp\/v2\/pages\/62","targetHints":{"allow":["GET"]}}],"collection":[{"href":"https:\/\/terraparque.tur.br\/en\/wp-json\/wp\/v2\/pages"}],"about":[{"href":"https:\/\/terraparque.tur.br\/en\/wp-json\/wp\/v2\/types\/page"}],"author":[{"embeddable":true,"href":"https:\/\/terraparque.tur.br\/en\/wp-json\/wp\/v2\/users\/1"}],"replies":[{"embeddable":true,"href":"https:\/\/terraparque.tur.br\/en\/wp-json\/wp\/v2\/comments?post=62"}],"version-history":[{"count":0,"href":"https:\/\/terraparque.tur.br\/en\/wp-json\/wp\/v2\/pages\/62\/revisions"}],"up":[{"embeddable":true,"href":"https:\/\/terraparque.tur.br\/en\/wp-json\/wp\/v2\/pages\/50"}],"wp:featuredmedia":[{"embeddable":true,"href":"https:\/\/terraparque.tur.br\/en\/wp-json\/wp\/v2\/media\/7"}],"wp:attachment":[{"href":"https:\/\/terraparque.tur.br\/en\/wp-json\/wp\/v2\/media?parent=62"}],"curies":[{"name":"wp","href":"https:\/\/api.w.org\/{rel}","templated":true}]}}