{"id":58,"date":"2023-02-06T16:02:52","date_gmt":"2023-02-06T19:02:52","guid":{"rendered":"https:\/\/terraparque.tur.br\/?page_id=58"},"modified":"2026-04-09T14:20:08","modified_gmt":"2026-04-09T17:20:08","slug":"sobre-o-terra-parque","status":"publish","type":"page","link":"https:\/\/terraparque.tur.br\/en\/o-resort\/sobre-o-terra-parque\/","title":{"rendered":"About Terra Parque"},"content":{"rendered":"<p>Localizado a 10 minutos do aeroporto de Presidente Prudente, no interior do estado de S\u00e3o Paulo, o Terra Parque est\u00e1 no munic\u00edpio de Pirapozinho, em meio a um cen\u00e1rio de belezas naturais. Este resort fazenda foi eleito um dos melhores do mundo pelo TripAdvisor e abriga uma atra\u00e7\u00e3o tem\u00e1tica \u00fanica: o famoso Vulc\u00e3o, que apresenta proje\u00e7\u00f5es mapeadas em um espet\u00e1culo que combina arte, fogo e magia.<\/p>\n<p>Mas antes de qualquer estrutura, antes de qualquer atra\u00e7\u00e3o, existe uma hist\u00f3ria. O Terra Parque nasceu em 2003, idealizado por J\u00falio Moraes e Sandra Yokota. Um casal que come\u00e7ou sem atalhos, com vis\u00e3o e disposi\u00e7\u00e3o para construir algo com um prop\u00f3sito genu\u00edno: cuidar de pessoas e fazer com que cada fam\u00edlia se sentisse verdadeiramente acolhida.<\/p>\n<p>Com o passar dos anos, o que come\u00e7ou de forma simples ganhou novas experi\u00eancias e reconhecimento. Hoje, o esp\u00edrito da vida no interior continua presente em cada detalhe. As viv\u00eancias rurais, o cheiro de terra molhada e o sabor da comida de fazenda se unem a elementos surpreendentes, criando um ambiente que equilibra simplicidade e encantamento, um destino pensado para celebrar os grandes momentos da vida.<\/p>\n<p>O Terra Parque oferece uma variedade de pacotes para fam\u00edlias, eventos e viagens de formatura, com uma estrutura completa que integra lazer, conforto e experi\u00eancias exclusivas em um s\u00f3 lugar.<\/p>\n<p>Para mais informa\u00e7\u00f5es, entre em contato pelo telefone <a href=\"tel:+551839026015\">(18) 3902-6015<\/a> ou pelo WhatsApp <a href=\"https:\/\/api.whatsapp.com\/send\/?phone=5518997301085&amp;text&amp;type=phone_number&amp;app_absent=0\">(18) 99730-1085<\/a>.<\/p>","protected":false},"excerpt":{"rendered":"<p>Localizado a 10 minutos do aeroporto de Presidente Prudente, no interior do estado de S\u00e3o Paulo, o Terra&#8230;<\/p>","protected":false},"author":1,"featured_media":6276,"parent":50,"menu_order":0,"comment_status":"closed","ping_status":"closed","template":"page-sobre-o-terra-parque.php","meta":{"footnotes":""},"class_list":["post-58","page","type-page","status-publish","has-post-thumbnail","hentry"],"yoast_head":"<!-- This site is optimized with the Yoast SEO plugin v25.7 - https:\/\/yoast.com\/wordpress\/plugins\/seo\/ -->\n<title>Sobre o Terra Parque | Terra Parque<\/title>\n<meta name=\"description\" content=\"Localizado no interior do estado de S\u00e3o Paulo, o Terra Parque foi eleito um dos melhores Resorts do Brasil pelo site TripAdvisor por 4 anos.\" \/>\n<meta name=\"robots\" content=\"index, follow, max-snippet:-1, max-image-preview:large, max-video-preview:-1\" \/>\n<link rel=\"canonical\" href=\"https:\/\/terraparque.tur.br\/en\/o-resort\/sobre-o-terra-parque\/\" \/>\n<meta property=\"og:locale\" content=\"en_US\" \/>\n<meta property=\"og:type\" content=\"article\" \/>\n<meta property=\"og:title\" content=\"Sobre o Terra Parque | Terra Parque\" \/>\n<meta property=\"og:description\" content=\"Localizado no interior do estado de S\u00e3o Paulo, o Terra Parque foi eleito um dos melhores Resorts do Brasil pelo site TripAdvisor por 4 anos.\" \/>\n<meta property=\"og:url\" content=\"https:\/\/terraparque.tur.br\/en\/o-resort\/sobre-o-terra-parque\/\" \/>\n<meta property=\"og:site_name\" content=\"Terra Parque\" \/>\n<meta property=\"article:publisher\" content=\"https:\/\/www.facebook.com\/terraparque\" \/>\n<meta property=\"article:modified_time\" content=\"2026-04-09T17:20:08+00:00\" \/>\n<meta property=\"og:image\" content=\"https:\/\/terraparque.tur.br\/wp-content\/uploads\/2025\/12\/Design-sem-nome-1-2.jpg\" \/>\n\t<meta property=\"og:image:width\" content=\"1600\" \/>\n\t<meta property=\"og:image:height\" content=\"900\" \/>\n\t<meta property=\"og:image:type\" content=\"image\/jpeg\" \/>\n<meta name=\"twitter:card\" content=\"summary_large_image\" \/>\n<meta name=\"twitter:label1\" content=\"Est. reading time\" \/>\n\t<meta name=\"twitter:data1\" content=\"2 minutes\" \/>\n<script type=\"application\/ld+json\" class=\"yoast-schema-graph\">{\"@context\":\"https:\/\/schema.org\",\"@graph\":[{\"@type\":\"WebPage\",\"@id\":\"https:\/\/terraparque.tur.br\/o-resort\/sobre-o-terra-parque\/\",\"url\":\"https:\/\/terraparque.tur.br\/o-resort\/sobre-o-terra-parque\/\",\"name\":\"Sobre o Terra Parque | Terra Parque\",\"isPartOf\":{\"@id\":\"https:\/\/terraparque.tur.br\/#website\"},\"primaryImageOfPage\":{\"@id\":\"https:\/\/terraparque.tur.br\/o-resort\/sobre-o-terra-parque\/#primaryimage\"},\"image\":{\"@id\":\"https:\/\/terraparque.tur.br\/o-resort\/sobre-o-terra-parque\/#primaryimage\"},\"thumbnailUrl\":\"https:\/\/terraparque.tur.br\/wp-content\/uploads\/2025\/12\/Design-sem-nome-1-2.jpg\",\"datePublished\":\"2023-02-06T19:02:52+00:00\",\"dateModified\":\"2026-04-09T17:20:08+00:00\",\"description\":\"Localizado no interior do estado de S\u00e3o Paulo, o Terra Parque foi eleito um dos melhores Resorts do Brasil pelo site TripAdvisor por 4 anos.\",\"breadcrumb\":{\"@id\":\"https:\/\/terraparque.tur.br\/o-resort\/sobre-o-terra-parque\/#breadcrumb\"},\"inLanguage\":\"en-US\",\"potentialAction\":[{\"@type\":\"ReadAction\",\"target\":[\"https:\/\/terraparque.tur.br\/o-resort\/sobre-o-terra-parque\/\"]}]},{\"@type\":\"ImageObject\",\"inLanguage\":\"en-US\",\"@id\":\"https:\/\/terraparque.tur.br\/o-resort\/sobre-o-terra-parque\/#primaryimage\",\"url\":\"https:\/\/terraparque.tur.br\/wp-content\/uploads\/2025\/12\/Design-sem-nome-1-2.jpg\",\"contentUrl\":\"https:\/\/terraparque.tur.br\/wp-content\/uploads\/2025\/12\/Design-sem-nome-1-2.jpg\",\"width\":1600,\"height\":900,\"caption\":\"Novo espet\u00e1culo\"},{\"@type\":\"BreadcrumbList\",\"@id\":\"https:\/\/terraparque.tur.br\/o-resort\/sobre-o-terra-parque\/#breadcrumb\",\"itemListElement\":[{\"@type\":\"ListItem\",\"position\":1,\"name\":\"Home\",\"item\":\"https:\/\/terraparque.tur.br\/\"},{\"@type\":\"ListItem\",\"position\":2,\"name\":\"O Resort\"},{\"@type\":\"ListItem\",\"position\":3,\"name\":\"Sobre o Terra Parque\"}]},{\"@type\":\"WebSite\",\"@id\":\"https:\/\/terraparque.tur.br\/#website\",\"url\":\"https:\/\/terraparque.tur.br\/\",\"name\":\"Terra Parque Eco Resort\",\"description\":\"\",\"publisher\":{\"@id\":\"https:\/\/terraparque.tur.br\/#organization\"},\"potentialAction\":[{\"@type\":\"SearchAction\",\"target\":{\"@type\":\"EntryPoint\",\"urlTemplate\":\"https:\/\/terraparque.tur.br\/?s={search_term_string}\"},\"query-input\":{\"@type\":\"PropertyValueSpecification\",\"valueRequired\":true,\"valueName\":\"search_term_string\"}}],\"inLanguage\":\"en-US\"},{\"@type\":\"Organization\",\"@id\":\"https:\/\/terraparque.tur.br\/#organization\",\"name\":\"Terra Parque Eco Resort\",\"url\":\"https:\/\/terraparque.tur.br\/\",\"logo\":{\"@type\":\"ImageObject\",\"inLanguage\":\"en-US\",\"@id\":\"https:\/\/terraparque.tur.br\/#\/schema\/logo\/image\/\",\"url\":\"https:\/\/terraparque.tur.br\/wp-content\/uploads\/2023\/03\/terra-favicon.png\",\"contentUrl\":\"https:\/\/terraparque.tur.br\/wp-content\/uploads\/2023\/03\/terra-favicon.png\",\"width\":512,\"height\":512,\"caption\":\"Terra Parque Eco Resort\"},\"image\":{\"@id\":\"https:\/\/terraparque.tur.br\/#\/schema\/logo\/image\/\"},\"sameAs\":[\"https:\/\/www.facebook.com\/terraparque\",\"https:\/\/www.instagram.com\/terraparque\/\",\"https:\/\/www.youtube.com\/terraparqueecoresort\",\"https:\/\/www.tiktok.com\/@terraparque\",\"https:\/\/www.tripadvisor.com.br\/Hotel_Review-g2350053-d2623441-Reviews-Terra_Parque_Eco_Resort-Pirapozinho_State_of_Sao_Paulo.html\"]}]}<\/script>\n<!-- \/ Yoast SEO plugin. -->","yoast_head_json":{"title":"Sobre o Terra Parque | Terra Parque","description":"Localizado no interior do estado de S\u00e3o Paulo, o Terra Parque foi eleito um dos melhores Resorts do Brasil pelo site TripAdvisor por 4 anos.","robots":{"index":"index","follow":"follow","max-snippet":"max-snippet:-1","max-image-preview":"max-image-preview:large","max-video-preview":"max-video-preview:-1"},"canonical":"https:\/\/terraparque.tur.br\/en\/o-resort\/sobre-o-terra-parque\/","og_locale":"en_US","og_type":"article","og_title":"Sobre o Terra Parque | Terra Parque","og_description":"Localizado no interior do estado de S\u00e3o Paulo, o Terra Parque foi eleito um dos melhores Resorts do Brasil pelo site TripAdvisor por 4 anos.","og_url":"https:\/\/terraparque.tur.br\/en\/o-resort\/sobre-o-terra-parque\/","og_site_name":"Terra Parque","article_publisher":"https:\/\/www.facebook.com\/terraparque","article_modified_time":"2026-04-09T17:20:08+00:00","og_image":[{"width":1600,"height":900,"url":"https:\/\/terraparque.tur.br\/wp-content\/uploads\/2025\/12\/Design-sem-nome-1-2.jpg","type":"image\/jpeg"}],"twitter_card":"summary_large_image","twitter_misc":{"Est. reading time":"2 minutes"},"schema":{"@context":"https:\/\/schema.org","@graph":[{"@type":"WebPage","@id":"https:\/\/terraparque.tur.br\/o-resort\/sobre-o-terra-parque\/","url":"https:\/\/terraparque.tur.br\/o-resort\/sobre-o-terra-parque\/","name":"Sobre o Terra Parque | Terra Parque","isPartOf":{"@id":"https:\/\/terraparque.tur.br\/#website"},"primaryImageOfPage":{"@id":"https:\/\/terraparque.tur.br\/o-resort\/sobre-o-terra-parque\/#primaryimage"},"image":{"@id":"https:\/\/terraparque.tur.br\/o-resort\/sobre-o-terra-parque\/#primaryimage"},"thumbnailUrl":"https:\/\/terraparque.tur.br\/wp-content\/uploads\/2025\/12\/Design-sem-nome-1-2.jpg","datePublished":"2023-02-06T19:02:52+00:00","dateModified":"2026-04-09T17:20:08+00:00","description":"Localizado no interior do estado de S\u00e3o Paulo, o Terra Parque foi eleito um dos melhores Resorts do Brasil pelo site TripAdvisor por 4 anos.","breadcrumb":{"@id":"https:\/\/terraparque.tur.br\/o-resort\/sobre-o-terra-parque\/#breadcrumb"},"inLanguage":"en-US","potentialAction":[{"@type":"ReadAction","target":["https:\/\/terraparque.tur.br\/o-resort\/sobre-o-terra-parque\/"]}]},{"@type":"ImageObject","inLanguage":"en-US","@id":"https:\/\/terraparque.tur.br\/o-resort\/sobre-o-terra-parque\/#primaryimage","url":"https:\/\/terraparque.tur.br\/wp-content\/uploads\/2025\/12\/Design-sem-nome-1-2.jpg","contentUrl":"https:\/\/terraparque.tur.br\/wp-content\/uploads\/2025\/12\/Design-sem-nome-1-2.jpg","width":1600,"height":900,"caption":"Novo espet\u00e1culo"},{"@type":"BreadcrumbList","@id":"https:\/\/terraparque.tur.br\/o-resort\/sobre-o-terra-parque\/#breadcrumb","itemListElement":[{"@type":"ListItem","position":1,"name":"Home","item":"https:\/\/terraparque.tur.br\/"},{"@type":"ListItem","position":2,"name":"O Resort"},{"@type":"ListItem","position":3,"name":"Sobre o Terra Parque"}]},{"@type":"WebSite","@id":"https:\/\/terraparque.tur.br\/#website","url":"https:\/\/terraparque.tur.br\/","name":"Terra Parque Eco Resort","description":"","publisher":{"@id":"https:\/\/terraparque.tur.br\/#organization"},"potentialAction":[{"@type":"SearchAction","target":{"@type":"EntryPoint","urlTemplate":"https:\/\/terraparque.tur.br\/?s={search_term_string}"},"query-input":{"@type":"PropertyValueSpecification","valueRequired":true,"valueName":"search_term_string"}}],"inLanguage":"en-US"},{"@type":"Organization","@id":"https:\/\/terraparque.tur.br\/#organization","name":"Terra Parque Eco Resort","url":"https:\/\/terraparque.tur.br\/","logo":{"@type":"ImageObject","inLanguage":"en-US","@id":"https:\/\/terraparque.tur.br\/#\/schema\/logo\/image\/","url":"https:\/\/terraparque.tur.br\/wp-content\/uploads\/2023\/03\/terra-favicon.png","contentUrl":"https:\/\/terraparque.tur.br\/wp-content\/uploads\/2023\/03\/terra-favicon.png","width":512,"height":512,"caption":"Terra Parque Eco Resort"},"image":{"@id":"https:\/\/terraparque.tur.br\/#\/schema\/logo\/image\/"},"sameAs":["https:\/\/www.facebook.com\/terraparque","https:\/\/www.instagram.com\/terraparque\/","https:\/\/www.youtube.com\/terraparqueecoresort","https:\/\/www.tiktok.com\/@terraparque","https:\/\/www.tripadvisor.com.br\/Hotel_Review-g2350053-d2623441-Reviews-Terra_Parque_Eco_Resort-Pirapozinho_State_of_Sao_Paulo.html"]}]}},"_links":{"self":[{"href":"https:\/\/terraparque.tur.br\/en\/wp-json\/wp\/v2\/pages\/58","targetHints":{"allow":["GET"]}}],"collection":[{"href":"https:\/\/terraparque.tur.br\/en\/wp-json\/wp\/v2\/pages"}],"about":[{"href":"https:\/\/terraparque.tur.br\/en\/wp-json\/wp\/v2\/types\/page"}],"author":[{"embeddable":true,"href":"https:\/\/terraparque.tur.br\/en\/wp-json\/wp\/v2\/users\/1"}],"replies":[{"embeddable":true,"href":"https:\/\/terraparque.tur.br\/en\/wp-json\/wp\/v2\/comments?post=58"}],"version-history":[{"count":0,"href":"https:\/\/terraparque.tur.br\/en\/wp-json\/wp\/v2\/pages\/58\/revisions"}],"up":[{"embeddable":true,"href":"https:\/\/terraparque.tur.br\/en\/wp-json\/wp\/v2\/pages\/50"}],"wp:featuredmedia":[{"embeddable":true,"href":"https:\/\/terraparque.tur.br\/en\/wp-json\/wp\/v2\/media\/6276"}],"wp:attachment":[{"href":"https:\/\/terraparque.tur.br\/en\/wp-json\/wp\/v2\/media?parent=58"}],"curies":[{"name":"wp","href":"https:\/\/api.w.org\/{rel}","templated":true}]}}