{"id":54,"date":"2023-02-06T16:02:07","date_gmt":"2023-02-06T19:02:07","guid":{"rendered":"https:\/\/terraparque.tur.br\/?page_id=54"},"modified":"2025-02-19T09:49:54","modified_gmt":"2025-02-19T12:49:54","slug":"esportes-de-aventura","status":"publish","type":"page","link":"https:\/\/terraparque.tur.br\/en\/o-resort\/esportes-de-aventura\/","title":{"rendered":"Adventure sports"},"content":{"rendered":"<h2 style=\"text-align: center;\">Adventure Sports Information<\/h2>\n<p style=\"text-align: center;\"><a href=\"https:\/\/terraparque.tur.br\/en\/o-resort\/esportes-de-aventura\/\"><strong>ADVENTURE SPORTS<\/strong> <\/a><span style=\"font-weight: 400;\">completely safe with SGS (Safety Management System) control, through procedural instruction where participants will receive guidance on activities and the use of certified equipment. The activities are also supervised by a team of qualified monitors.<\/span><\/p>\n<p style=\"text-align: center;\"><span style=\"font-weight: 400;\">The activity schedule is pre-established with fixed, defined times that can be checked. <\/span> <span style=\"font-weight: 400;\">Each sport has a maintenance and acquisition fee for new equipment, and the costs are paid separately and per person for the practice of activities.<\/span><\/p>","protected":false},"excerpt":{"rendered":"<p>Informa\u00e7\u00f5es Esportes de Aventura Esportes de aventura totalmente seguros com controle de SGS (Sistema de Gest\u00e3o de Seguran\u00e7a),&#8230;<\/p>","protected":false},"author":1,"featured_media":2624,"parent":50,"menu_order":0,"comment_status":"closed","ping_status":"closed","template":"","meta":{"footnotes":""},"class_list":["post-54","page","type-page","status-publish","has-post-thumbnail","hentry"],"yoast_head":"<!-- This site is optimized with the Yoast SEO plugin v25.7 - https:\/\/yoast.com\/wordpress\/plugins\/seo\/ -->\n<title>Esportes de Aventura | Terra Parque<\/title>\n<meta name=\"description\" content=\"Esportes de Aventura no Terra Parque s\u00e3o: Airsoft, Pared\u00e3o de Escalada, Trilha de Aventura, Arborismo com Tirolesa e muito mais!\" \/>\n<meta name=\"robots\" content=\"index, follow, max-snippet:-1, max-image-preview:large, max-video-preview:-1\" \/>\n<link rel=\"canonical\" href=\"https:\/\/terraparque.tur.br\/en\/o-resort\/esportes-de-aventura\/\" \/>\n<meta property=\"og:locale\" content=\"en_US\" \/>\n<meta property=\"og:type\" content=\"article\" \/>\n<meta property=\"og:title\" content=\"Esportes de Aventura | Terra Parque\" \/>\n<meta property=\"og:description\" content=\"Esportes de Aventura no Terra Parque s\u00e3o: Airsoft, Pared\u00e3o de Escalada, Trilha de Aventura, Arborismo com Tirolesa e muito mais!\" \/>\n<meta property=\"og:url\" content=\"https:\/\/terraparque.tur.br\/en\/o-resort\/esportes-de-aventura\/\" \/>\n<meta property=\"og:site_name\" content=\"Terra Parque\" \/>\n<meta property=\"article:publisher\" content=\"https:\/\/www.facebook.com\/terraparque\" \/>\n<meta property=\"article:modified_time\" content=\"2025-02-19T12:49:54+00:00\" \/>\n<meta property=\"og:image\" content=\"https:\/\/terraparque.tur.br\/wp-content\/uploads\/2023\/09\/descubra-uma-nova-forma-de-aprender-na-atividade-pedagogica.jpg\" \/>\n\t<meta property=\"og:image:width\" content=\"1600\" \/>\n\t<meta property=\"og:image:height\" content=\"1065\" \/>\n\t<meta property=\"og:image:type\" content=\"image\/jpeg\" \/>\n<meta name=\"twitter:card\" content=\"summary_large_image\" \/>\n<meta name=\"twitter:label1\" content=\"Est. reading time\" \/>\n\t<meta name=\"twitter:data1\" content=\"1 minute\" \/>\n<script type=\"application\/ld+json\" class=\"yoast-schema-graph\">{\"@context\":\"https:\/\/schema.org\",\"@graph\":[{\"@type\":\"WebPage\",\"@id\":\"https:\/\/terraparque.tur.br\/o-resort\/esportes-de-aventura\/\",\"url\":\"https:\/\/terraparque.tur.br\/o-resort\/esportes-de-aventura\/\",\"name\":\"Esportes de Aventura | Terra Parque\",\"isPartOf\":{\"@id\":\"https:\/\/terraparque.tur.br\/#website\"},\"primaryImageOfPage\":{\"@id\":\"https:\/\/terraparque.tur.br\/o-resort\/esportes-de-aventura\/#primaryimage\"},\"image\":{\"@id\":\"https:\/\/terraparque.tur.br\/o-resort\/esportes-de-aventura\/#primaryimage\"},\"thumbnailUrl\":\"https:\/\/terraparque.tur.br\/wp-content\/uploads\/2023\/09\/descubra-uma-nova-forma-de-aprender-na-atividade-pedagogica.jpg\",\"datePublished\":\"2023-02-06T19:02:07+00:00\",\"dateModified\":\"2025-02-19T12:49:54+00:00\",\"description\":\"Esportes de Aventura no Terra Parque s\u00e3o: Airsoft, Pared\u00e3o de Escalada, Trilha de Aventura, Arborismo com Tirolesa e muito mais!\",\"breadcrumb\":{\"@id\":\"https:\/\/terraparque.tur.br\/o-resort\/esportes-de-aventura\/#breadcrumb\"},\"inLanguage\":\"en-US\",\"potentialAction\":[{\"@type\":\"ReadAction\",\"target\":[\"https:\/\/terraparque.tur.br\/o-resort\/esportes-de-aventura\/\"]}]},{\"@type\":\"ImageObject\",\"inLanguage\":\"en-US\",\"@id\":\"https:\/\/terraparque.tur.br\/o-resort\/esportes-de-aventura\/#primaryimage\",\"url\":\"https:\/\/terraparque.tur.br\/wp-content\/uploads\/2023\/09\/descubra-uma-nova-forma-de-aprender-na-atividade-pedagogica.jpg\",\"contentUrl\":\"https:\/\/terraparque.tur.br\/wp-content\/uploads\/2023\/09\/descubra-uma-nova-forma-de-aprender-na-atividade-pedagogica.jpg\",\"width\":1600,\"height\":1065,\"caption\":\"Descubra Uma Nova Forma De Aprender Na Atividade Pedagogica\"},{\"@type\":\"BreadcrumbList\",\"@id\":\"https:\/\/terraparque.tur.br\/o-resort\/esportes-de-aventura\/#breadcrumb\",\"itemListElement\":[{\"@type\":\"ListItem\",\"position\":1,\"name\":\"Home\",\"item\":\"https:\/\/terraparque.tur.br\/\"},{\"@type\":\"ListItem\",\"position\":2,\"name\":\"O Resort\"},{\"@type\":\"ListItem\",\"position\":3,\"name\":\"Esportes de Aventura\"}]},{\"@type\":\"WebSite\",\"@id\":\"https:\/\/terraparque.tur.br\/#website\",\"url\":\"https:\/\/terraparque.tur.br\/\",\"name\":\"Terra Parque Eco Resort\",\"description\":\"\",\"publisher\":{\"@id\":\"https:\/\/terraparque.tur.br\/#organization\"},\"potentialAction\":[{\"@type\":\"SearchAction\",\"target\":{\"@type\":\"EntryPoint\",\"urlTemplate\":\"https:\/\/terraparque.tur.br\/?s={search_term_string}\"},\"query-input\":{\"@type\":\"PropertyValueSpecification\",\"valueRequired\":true,\"valueName\":\"search_term_string\"}}],\"inLanguage\":\"en-US\"},{\"@type\":\"Organization\",\"@id\":\"https:\/\/terraparque.tur.br\/#organization\",\"name\":\"Terra Parque Eco Resort\",\"url\":\"https:\/\/terraparque.tur.br\/\",\"logo\":{\"@type\":\"ImageObject\",\"inLanguage\":\"en-US\",\"@id\":\"https:\/\/terraparque.tur.br\/#\/schema\/logo\/image\/\",\"url\":\"https:\/\/terraparque.tur.br\/wp-content\/uploads\/2023\/03\/terra-favicon.png\",\"contentUrl\":\"https:\/\/terraparque.tur.br\/wp-content\/uploads\/2023\/03\/terra-favicon.png\",\"width\":512,\"height\":512,\"caption\":\"Terra Parque Eco Resort\"},\"image\":{\"@id\":\"https:\/\/terraparque.tur.br\/#\/schema\/logo\/image\/\"},\"sameAs\":[\"https:\/\/www.facebook.com\/terraparque\",\"https:\/\/www.instagram.com\/terraparque\/\",\"https:\/\/www.youtube.com\/terraparqueecoresort\",\"https:\/\/www.tiktok.com\/@terraparque\",\"https:\/\/www.tripadvisor.com.br\/Hotel_Review-g2350053-d2623441-Reviews-Terra_Parque_Eco_Resort-Pirapozinho_State_of_Sao_Paulo.html\"]}]}<\/script>\n<!-- \/ Yoast SEO plugin. -->","yoast_head_json":{"title":"Esportes de Aventura | Terra Parque","description":"Esportes de Aventura no Terra Parque s\u00e3o: Airsoft, Pared\u00e3o de Escalada, Trilha de Aventura, Arborismo com Tirolesa e muito mais!","robots":{"index":"index","follow":"follow","max-snippet":"max-snippet:-1","max-image-preview":"max-image-preview:large","max-video-preview":"max-video-preview:-1"},"canonical":"https:\/\/terraparque.tur.br\/en\/o-resort\/esportes-de-aventura\/","og_locale":"en_US","og_type":"article","og_title":"Esportes de Aventura | Terra Parque","og_description":"Esportes de Aventura no Terra Parque s\u00e3o: Airsoft, Pared\u00e3o de Escalada, Trilha de Aventura, Arborismo com Tirolesa e muito mais!","og_url":"https:\/\/terraparque.tur.br\/en\/o-resort\/esportes-de-aventura\/","og_site_name":"Terra Parque","article_publisher":"https:\/\/www.facebook.com\/terraparque","article_modified_time":"2025-02-19T12:49:54+00:00","og_image":[{"width":1600,"height":1065,"url":"https:\/\/terraparque.tur.br\/wp-content\/uploads\/2023\/09\/descubra-uma-nova-forma-de-aprender-na-atividade-pedagogica.jpg","type":"image\/jpeg"}],"twitter_card":"summary_large_image","twitter_misc":{"Est. reading time":"1 minute"},"schema":{"@context":"https:\/\/schema.org","@graph":[{"@type":"WebPage","@id":"https:\/\/terraparque.tur.br\/o-resort\/esportes-de-aventura\/","url":"https:\/\/terraparque.tur.br\/o-resort\/esportes-de-aventura\/","name":"Esportes de Aventura | Terra Parque","isPartOf":{"@id":"https:\/\/terraparque.tur.br\/#website"},"primaryImageOfPage":{"@id":"https:\/\/terraparque.tur.br\/o-resort\/esportes-de-aventura\/#primaryimage"},"image":{"@id":"https:\/\/terraparque.tur.br\/o-resort\/esportes-de-aventura\/#primaryimage"},"thumbnailUrl":"https:\/\/terraparque.tur.br\/wp-content\/uploads\/2023\/09\/descubra-uma-nova-forma-de-aprender-na-atividade-pedagogica.jpg","datePublished":"2023-02-06T19:02:07+00:00","dateModified":"2025-02-19T12:49:54+00:00","description":"Esportes de Aventura no Terra Parque s\u00e3o: Airsoft, Pared\u00e3o de Escalada, Trilha de Aventura, Arborismo com Tirolesa e muito mais!","breadcrumb":{"@id":"https:\/\/terraparque.tur.br\/o-resort\/esportes-de-aventura\/#breadcrumb"},"inLanguage":"en-US","potentialAction":[{"@type":"ReadAction","target":["https:\/\/terraparque.tur.br\/o-resort\/esportes-de-aventura\/"]}]},{"@type":"ImageObject","inLanguage":"en-US","@id":"https:\/\/terraparque.tur.br\/o-resort\/esportes-de-aventura\/#primaryimage","url":"https:\/\/terraparque.tur.br\/wp-content\/uploads\/2023\/09\/descubra-uma-nova-forma-de-aprender-na-atividade-pedagogica.jpg","contentUrl":"https:\/\/terraparque.tur.br\/wp-content\/uploads\/2023\/09\/descubra-uma-nova-forma-de-aprender-na-atividade-pedagogica.jpg","width":1600,"height":1065,"caption":"Descubra Uma Nova Forma De Aprender Na Atividade Pedagogica"},{"@type":"BreadcrumbList","@id":"https:\/\/terraparque.tur.br\/o-resort\/esportes-de-aventura\/#breadcrumb","itemListElement":[{"@type":"ListItem","position":1,"name":"Home","item":"https:\/\/terraparque.tur.br\/"},{"@type":"ListItem","position":2,"name":"O Resort"},{"@type":"ListItem","position":3,"name":"Esportes de Aventura"}]},{"@type":"WebSite","@id":"https:\/\/terraparque.tur.br\/#website","url":"https:\/\/terraparque.tur.br\/","name":"Terra Parque Eco Resort","description":"","publisher":{"@id":"https:\/\/terraparque.tur.br\/#organization"},"potentialAction":[{"@type":"SearchAction","target":{"@type":"EntryPoint","urlTemplate":"https:\/\/terraparque.tur.br\/?s={search_term_string}"},"query-input":{"@type":"PropertyValueSpecification","valueRequired":true,"valueName":"search_term_string"}}],"inLanguage":"en-US"},{"@type":"Organization","@id":"https:\/\/terraparque.tur.br\/#organization","name":"Terra Parque Eco Resort","url":"https:\/\/terraparque.tur.br\/","logo":{"@type":"ImageObject","inLanguage":"en-US","@id":"https:\/\/terraparque.tur.br\/#\/schema\/logo\/image\/","url":"https:\/\/terraparque.tur.br\/wp-content\/uploads\/2023\/03\/terra-favicon.png","contentUrl":"https:\/\/terraparque.tur.br\/wp-content\/uploads\/2023\/03\/terra-favicon.png","width":512,"height":512,"caption":"Terra Parque Eco Resort"},"image":{"@id":"https:\/\/terraparque.tur.br\/#\/schema\/logo\/image\/"},"sameAs":["https:\/\/www.facebook.com\/terraparque","https:\/\/www.instagram.com\/terraparque\/","https:\/\/www.youtube.com\/terraparqueecoresort","https:\/\/www.tiktok.com\/@terraparque","https:\/\/www.tripadvisor.com.br\/Hotel_Review-g2350053-d2623441-Reviews-Terra_Parque_Eco_Resort-Pirapozinho_State_of_Sao_Paulo.html"]}]}},"_links":{"self":[{"href":"https:\/\/terraparque.tur.br\/en\/wp-json\/wp\/v2\/pages\/54","targetHints":{"allow":["GET"]}}],"collection":[{"href":"https:\/\/terraparque.tur.br\/en\/wp-json\/wp\/v2\/pages"}],"about":[{"href":"https:\/\/terraparque.tur.br\/en\/wp-json\/wp\/v2\/types\/page"}],"author":[{"embeddable":true,"href":"https:\/\/terraparque.tur.br\/en\/wp-json\/wp\/v2\/users\/1"}],"replies":[{"embeddable":true,"href":"https:\/\/terraparque.tur.br\/en\/wp-json\/wp\/v2\/comments?post=54"}],"version-history":[{"count":0,"href":"https:\/\/terraparque.tur.br\/en\/wp-json\/wp\/v2\/pages\/54\/revisions"}],"up":[{"embeddable":true,"href":"https:\/\/terraparque.tur.br\/en\/wp-json\/wp\/v2\/pages\/50"}],"wp:featuredmedia":[{"embeddable":true,"href":"https:\/\/terraparque.tur.br\/en\/wp-json\/wp\/v2\/media\/2624"}],"wp:attachment":[{"href":"https:\/\/terraparque.tur.br\/en\/wp-json\/wp\/v2\/media?parent=54"}],"curies":[{"name":"wp","href":"https:\/\/api.w.org\/{rel}","templated":true}]}}