{"id":52,"date":"2023-02-06T16:01:47","date_gmt":"2023-02-06T19:01:47","guid":{"rendered":"https:\/\/terraparque.tur.br\/?page_id=52"},"modified":"2025-07-17T14:05:10","modified_gmt":"2025-07-17T17:05:10","slug":"acomodacoes","status":"publish","type":"page","link":"https:\/\/terraparque.tur.br\/en\/o-resort\/acomodacoes\/","title":{"rendered":"Acommodations"},"content":{"rendered":"<h1 style=\"text-align: center;\"><strong>WITH 201 APARTMENT OPTIONS<\/strong><\/h1>\n<p style=\"text-align: center;\">With 201 apartment options, the accommodations at <a href=\"https:\/\/terraparque.tur.br\/en\/\">were created<\/a> offers various lodging options, located within 200 meters from the front desk and distributed across nine thematic villages. The apartments provide comfort and quality with air conditioning, minibar, bathroom with individual heating system, TV, hot tub, and much more<\/p>\n<p>&nbsp;<\/p>","protected":false},"excerpt":{"rendered":"<p>COM 201 OP\u00c7\u00d5ES DE APARTAMENTOS Com 201 op\u00e7\u00f5es de apartamentos, as acomoda\u00e7\u00f5es do Terra Parque contam com diversas&#8230;<\/p>","protected":false},"author":1,"featured_media":472,"parent":50,"menu_order":0,"comment_status":"closed","ping_status":"closed","template":"taxonomy-acomodacoes.php","meta":{"footnotes":""},"class_list":["post-52","page","type-page","status-publish","has-post-thumbnail","hentry"],"yoast_head":"<!-- This site is optimized with the Yoast SEO plugin v25.7 - https:\/\/yoast.com\/wordpress\/plugins\/seo\/ -->\n<title>Acomoda\u00e7\u00f5es | Terra Parque<\/title>\n<meta name=\"description\" content=\"Acomoda\u00e7\u00f5es preparadas com muito amor e carinho, equipadas com ar condicionado split, frigobar, TV 43\u201d, banheiros com aquecimento e muito mais\" \/>\n<meta name=\"robots\" content=\"index, follow, max-snippet:-1, max-image-preview:large, max-video-preview:-1\" \/>\n<link rel=\"canonical\" href=\"https:\/\/terraparque.tur.br\/en\/o-resort\/acomodacoes\/\" \/>\n<meta property=\"og:locale\" content=\"en_US\" \/>\n<meta property=\"og:type\" content=\"article\" \/>\n<meta property=\"og:title\" content=\"Acomoda\u00e7\u00f5es | Terra Parque\" \/>\n<meta property=\"og:description\" content=\"Acomoda\u00e7\u00f5es preparadas com muito amor e carinho, equipadas com ar condicionado split, frigobar, TV 43\u201d, banheiros com aquecimento e muito mais\" \/>\n<meta property=\"og:url\" content=\"https:\/\/terraparque.tur.br\/en\/o-resort\/acomodacoes\/\" \/>\n<meta property=\"og:site_name\" content=\"Terra Parque\" \/>\n<meta property=\"article:publisher\" content=\"https:\/\/www.facebook.com\/terraparque\" \/>\n<meta property=\"article:modified_time\" content=\"2025-07-17T17:05:10+00:00\" \/>\n<meta property=\"og:image\" content=\"https:\/\/terraparque.tur.br\/wp-content\/uploads\/2023\/02\/acomodacoes-terra-parque.jpg\" \/>\n\t<meta property=\"og:image:width\" content=\"1600\" \/>\n\t<meta property=\"og:image:height\" content=\"657\" \/>\n\t<meta property=\"og:image:type\" content=\"image\/jpeg\" \/>\n<meta name=\"twitter:card\" content=\"summary_large_image\" \/>\n<meta name=\"twitter:label1\" content=\"Est. reading time\" \/>\n\t<meta name=\"twitter:data1\" content=\"1 minute\" \/>\n<script type=\"application\/ld+json\" class=\"yoast-schema-graph\">{\"@context\":\"https:\/\/schema.org\",\"@graph\":[{\"@type\":\"WebPage\",\"@id\":\"https:\/\/terraparque.tur.br\/o-resort\/acomodacoes\/\",\"url\":\"https:\/\/terraparque.tur.br\/o-resort\/acomodacoes\/\",\"name\":\"Acomoda\u00e7\u00f5es | Terra Parque\",\"isPartOf\":{\"@id\":\"https:\/\/terraparque.tur.br\/#website\"},\"primaryImageOfPage\":{\"@id\":\"https:\/\/terraparque.tur.br\/o-resort\/acomodacoes\/#primaryimage\"},\"image\":{\"@id\":\"https:\/\/terraparque.tur.br\/o-resort\/acomodacoes\/#primaryimage\"},\"thumbnailUrl\":\"https:\/\/terraparque.tur.br\/wp-content\/uploads\/2023\/02\/acomodacoes-terra-parque.jpg\",\"datePublished\":\"2023-02-06T19:01:47+00:00\",\"dateModified\":\"2025-07-17T17:05:10+00:00\",\"description\":\"Acomoda\u00e7\u00f5es preparadas com muito amor e carinho, equipadas com ar condicionado split, frigobar, TV 43\u201d, banheiros com aquecimento e muito mais\",\"breadcrumb\":{\"@id\":\"https:\/\/terraparque.tur.br\/o-resort\/acomodacoes\/#breadcrumb\"},\"inLanguage\":\"en-US\",\"potentialAction\":[{\"@type\":\"ReadAction\",\"target\":[\"https:\/\/terraparque.tur.br\/o-resort\/acomodacoes\/\"]}]},{\"@type\":\"ImageObject\",\"inLanguage\":\"en-US\",\"@id\":\"https:\/\/terraparque.tur.br\/o-resort\/acomodacoes\/#primaryimage\",\"url\":\"https:\/\/terraparque.tur.br\/wp-content\/uploads\/2023\/02\/acomodacoes-terra-parque.jpg\",\"contentUrl\":\"https:\/\/terraparque.tur.br\/wp-content\/uploads\/2023\/02\/acomodacoes-terra-parque.jpg\",\"width\":1600,\"height\":657,\"caption\":\"Acomoda\u00e7\u00f5es\"},{\"@type\":\"BreadcrumbList\",\"@id\":\"https:\/\/terraparque.tur.br\/o-resort\/acomodacoes\/#breadcrumb\",\"itemListElement\":[{\"@type\":\"ListItem\",\"position\":1,\"name\":\"Home\",\"item\":\"https:\/\/terraparque.tur.br\/\"},{\"@type\":\"ListItem\",\"position\":2,\"name\":\"O Resort\"},{\"@type\":\"ListItem\",\"position\":3,\"name\":\"Acomoda\u00e7\u00f5es\"}]},{\"@type\":\"WebSite\",\"@id\":\"https:\/\/terraparque.tur.br\/#website\",\"url\":\"https:\/\/terraparque.tur.br\/\",\"name\":\"Terra Parque Eco Resort\",\"description\":\"\",\"publisher\":{\"@id\":\"https:\/\/terraparque.tur.br\/#organization\"},\"potentialAction\":[{\"@type\":\"SearchAction\",\"target\":{\"@type\":\"EntryPoint\",\"urlTemplate\":\"https:\/\/terraparque.tur.br\/?s={search_term_string}\"},\"query-input\":{\"@type\":\"PropertyValueSpecification\",\"valueRequired\":true,\"valueName\":\"search_term_string\"}}],\"inLanguage\":\"en-US\"},{\"@type\":\"Organization\",\"@id\":\"https:\/\/terraparque.tur.br\/#organization\",\"name\":\"Terra Parque Eco Resort\",\"url\":\"https:\/\/terraparque.tur.br\/\",\"logo\":{\"@type\":\"ImageObject\",\"inLanguage\":\"en-US\",\"@id\":\"https:\/\/terraparque.tur.br\/#\/schema\/logo\/image\/\",\"url\":\"https:\/\/terraparque.tur.br\/wp-content\/uploads\/2023\/03\/terra-favicon.png\",\"contentUrl\":\"https:\/\/terraparque.tur.br\/wp-content\/uploads\/2023\/03\/terra-favicon.png\",\"width\":512,\"height\":512,\"caption\":\"Terra Parque Eco Resort\"},\"image\":{\"@id\":\"https:\/\/terraparque.tur.br\/#\/schema\/logo\/image\/\"},\"sameAs\":[\"https:\/\/www.facebook.com\/terraparque\",\"https:\/\/www.instagram.com\/terraparque\/\",\"https:\/\/www.youtube.com\/terraparqueecoresort\",\"https:\/\/www.tiktok.com\/@terraparque\",\"https:\/\/www.tripadvisor.com.br\/Hotel_Review-g2350053-d2623441-Reviews-Terra_Parque_Eco_Resort-Pirapozinho_State_of_Sao_Paulo.html\"]}]}<\/script>\n<!-- \/ Yoast SEO plugin. -->","yoast_head_json":{"title":"Acomoda\u00e7\u00f5es | Terra Parque","description":"Acomoda\u00e7\u00f5es preparadas com muito amor e carinho, equipadas com ar condicionado split, frigobar, TV 43\u201d, banheiros com aquecimento e muito mais","robots":{"index":"index","follow":"follow","max-snippet":"max-snippet:-1","max-image-preview":"max-image-preview:large","max-video-preview":"max-video-preview:-1"},"canonical":"https:\/\/terraparque.tur.br\/en\/o-resort\/acomodacoes\/","og_locale":"en_US","og_type":"article","og_title":"Acomoda\u00e7\u00f5es | Terra Parque","og_description":"Acomoda\u00e7\u00f5es preparadas com muito amor e carinho, equipadas com ar condicionado split, frigobar, TV 43\u201d, banheiros com aquecimento e muito mais","og_url":"https:\/\/terraparque.tur.br\/en\/o-resort\/acomodacoes\/","og_site_name":"Terra Parque","article_publisher":"https:\/\/www.facebook.com\/terraparque","article_modified_time":"2025-07-17T17:05:10+00:00","og_image":[{"width":1600,"height":657,"url":"https:\/\/terraparque.tur.br\/wp-content\/uploads\/2023\/02\/acomodacoes-terra-parque.jpg","type":"image\/jpeg"}],"twitter_card":"summary_large_image","twitter_misc":{"Est. reading time":"1 minute"},"schema":{"@context":"https:\/\/schema.org","@graph":[{"@type":"WebPage","@id":"https:\/\/terraparque.tur.br\/o-resort\/acomodacoes\/","url":"https:\/\/terraparque.tur.br\/o-resort\/acomodacoes\/","name":"Acomoda\u00e7\u00f5es | Terra Parque","isPartOf":{"@id":"https:\/\/terraparque.tur.br\/#website"},"primaryImageOfPage":{"@id":"https:\/\/terraparque.tur.br\/o-resort\/acomodacoes\/#primaryimage"},"image":{"@id":"https:\/\/terraparque.tur.br\/o-resort\/acomodacoes\/#primaryimage"},"thumbnailUrl":"https:\/\/terraparque.tur.br\/wp-content\/uploads\/2023\/02\/acomodacoes-terra-parque.jpg","datePublished":"2023-02-06T19:01:47+00:00","dateModified":"2025-07-17T17:05:10+00:00","description":"Acomoda\u00e7\u00f5es preparadas com muito amor e carinho, equipadas com ar condicionado split, frigobar, TV 43\u201d, banheiros com aquecimento e muito mais","breadcrumb":{"@id":"https:\/\/terraparque.tur.br\/o-resort\/acomodacoes\/#breadcrumb"},"inLanguage":"en-US","potentialAction":[{"@type":"ReadAction","target":["https:\/\/terraparque.tur.br\/o-resort\/acomodacoes\/"]}]},{"@type":"ImageObject","inLanguage":"en-US","@id":"https:\/\/terraparque.tur.br\/o-resort\/acomodacoes\/#primaryimage","url":"https:\/\/terraparque.tur.br\/wp-content\/uploads\/2023\/02\/acomodacoes-terra-parque.jpg","contentUrl":"https:\/\/terraparque.tur.br\/wp-content\/uploads\/2023\/02\/acomodacoes-terra-parque.jpg","width":1600,"height":657,"caption":"Acomoda\u00e7\u00f5es"},{"@type":"BreadcrumbList","@id":"https:\/\/terraparque.tur.br\/o-resort\/acomodacoes\/#breadcrumb","itemListElement":[{"@type":"ListItem","position":1,"name":"Home","item":"https:\/\/terraparque.tur.br\/"},{"@type":"ListItem","position":2,"name":"O Resort"},{"@type":"ListItem","position":3,"name":"Acomoda\u00e7\u00f5es"}]},{"@type":"WebSite","@id":"https:\/\/terraparque.tur.br\/#website","url":"https:\/\/terraparque.tur.br\/","name":"Terra Parque Eco Resort","description":"","publisher":{"@id":"https:\/\/terraparque.tur.br\/#organization"},"potentialAction":[{"@type":"SearchAction","target":{"@type":"EntryPoint","urlTemplate":"https:\/\/terraparque.tur.br\/?s={search_term_string}"},"query-input":{"@type":"PropertyValueSpecification","valueRequired":true,"valueName":"search_term_string"}}],"inLanguage":"en-US"},{"@type":"Organization","@id":"https:\/\/terraparque.tur.br\/#organization","name":"Terra Parque Eco Resort","url":"https:\/\/terraparque.tur.br\/","logo":{"@type":"ImageObject","inLanguage":"en-US","@id":"https:\/\/terraparque.tur.br\/#\/schema\/logo\/image\/","url":"https:\/\/terraparque.tur.br\/wp-content\/uploads\/2023\/03\/terra-favicon.png","contentUrl":"https:\/\/terraparque.tur.br\/wp-content\/uploads\/2023\/03\/terra-favicon.png","width":512,"height":512,"caption":"Terra Parque Eco Resort"},"image":{"@id":"https:\/\/terraparque.tur.br\/#\/schema\/logo\/image\/"},"sameAs":["https:\/\/www.facebook.com\/terraparque","https:\/\/www.instagram.com\/terraparque\/","https:\/\/www.youtube.com\/terraparqueecoresort","https:\/\/www.tiktok.com\/@terraparque","https:\/\/www.tripadvisor.com.br\/Hotel_Review-g2350053-d2623441-Reviews-Terra_Parque_Eco_Resort-Pirapozinho_State_of_Sao_Paulo.html"]}]}},"_links":{"self":[{"href":"https:\/\/terraparque.tur.br\/en\/wp-json\/wp\/v2\/pages\/52","targetHints":{"allow":["GET"]}}],"collection":[{"href":"https:\/\/terraparque.tur.br\/en\/wp-json\/wp\/v2\/pages"}],"about":[{"href":"https:\/\/terraparque.tur.br\/en\/wp-json\/wp\/v2\/types\/page"}],"author":[{"embeddable":true,"href":"https:\/\/terraparque.tur.br\/en\/wp-json\/wp\/v2\/users\/1"}],"replies":[{"embeddable":true,"href":"https:\/\/terraparque.tur.br\/en\/wp-json\/wp\/v2\/comments?post=52"}],"version-history":[{"count":0,"href":"https:\/\/terraparque.tur.br\/en\/wp-json\/wp\/v2\/pages\/52\/revisions"}],"up":[{"embeddable":true,"href":"https:\/\/terraparque.tur.br\/en\/wp-json\/wp\/v2\/pages\/50"}],"wp:featuredmedia":[{"embeddable":true,"href":"https:\/\/terraparque.tur.br\/en\/wp-json\/wp\/v2\/media\/472"}],"wp:attachment":[{"href":"https:\/\/terraparque.tur.br\/en\/wp-json\/wp\/v2\/media?parent=52"}],"curies":[{"name":"wp","href":"https:\/\/api.w.org\/{rel}","templated":true}]}}