{"id":48,"date":"2023-02-06T16:00:45","date_gmt":"2023-02-06T19:00:45","guid":{"rendered":"https:\/\/terraparque.tur.br\/?page_id=48"},"modified":"2024-05-25T13:38:27","modified_gmt":"2024-05-25T16:38:27","slug":"novidades-do-blog","status":"publish","type":"page","link":"https:\/\/terraparque.tur.br\/en\/novidades-do-blog\/","title":{"rendered":"Blog News"},"content":{"rendered":"<h1>Confira todas as novidades do Blog Terra Parque Eco Resort<\/h1>\n<p>Aqui no Blog Terra Parque voc\u00ea poder\u00e1 conferir todas as <a href=\"https:\/\/terraparque.tur.br\/en\/novidades-do-blog\/\">not\u00edcias<\/a>, dicas para aproveitar ao m\u00e1ximo tudo que o Terra Parque pode oferecer! Assim como as maiores e mais recentes novidades do resort.<\/p>\n<p>No blog, \u00e9 poss\u00edvel ver not\u00edcias sobre os pacotes e datas comemorativas do resort! Como o pacote &#8220;Sertanejo&#8221; dos finais de semana de junho do resort, &#8220;F\u00e1brica de Chocolates&#8221; nos finais de semana de Abril. Assim como celebra\u00e7\u00f5es e comemora\u00e7\u00f5es para os colaboradores do resort, a\u00e7\u00f5es e homenagens realizadas. Como a\u00e7\u00f5es de dia das m\u00e3es, dia da mulher e tamb\u00e9m as aquisi\u00e7\u00f5es e treinamentos para os mesmos<\/p>\n<h4>O que encontrar\u00e1 no Blog do Terra Parque?<\/h4>\n<p>Al\u00e9m de tudo isso, o blog conter\u00e1 not\u00edcias sobre as novidades t\u00faristicas da regi\u00e3o e investimentos que o resort est\u00e1 fazendo. Como o passeio no Bairro Noite Negra e a visita de representantes da secretaria de turismo do estado de S\u00e3o Paulo ao resort, e a visita do pr\u00f3prio secret\u00e1rio de turismo ao resort. A aquisis\u00e7\u00e3o de um novo maquin\u00e1rio da <a href=\"https:\/\/construction.newholland.com\/lar\/pt\/Equipment\/Backhoe-Loaders\/Pages\/B95B.aspx\">New Holland<\/a><\/p>\n<p>Al\u00e9m disso, outra das novidades do blog do Terra Parque \u00e9 a constru\u00e7\u00e3o das quadras de Beach Tennis. Assim como a amplia\u00e7\u00e3o do card\u00e1pio de drinks do Bar da Piscina, a imers\u00e3o para recreadores que o Terra Parque est\u00e1 promovendo<\/p>\n<p>O \u201cTraveller\u2019s Choice\u201d \u00e9 entregue apenas aos 10% dos estabelecimentos mais bem avaliados do mundo, com crit\u00e9rios rigorosos de avalia\u00e7\u00e3o. E o Terra Parque celebra a conquista do pr\u00eamio, fruto de todo o compromisso do resort em oferecer experi\u00eancias autenticas em meio \u00e0 natureza.<\/p>\n<p>With an average rating of 5 stars on TripAdvisor and over 4,000 reviews, the resort continues to stand out for the quality of the services offered, facilities, and memorable experiences in the midst of nature. This achievement was only possible thanks to the dedication and commitment of the entire team and the organizational culture of the brand, developed by the resort's owners.<\/p>","protected":false},"excerpt":{"rendered":"<p>Confira todas as novidades do Blog Terra Parque Eco Resort Aqui no Blog Terra Parque voc\u00ea poder\u00e1 conferir&#8230;<\/p>","protected":false},"author":1,"featured_media":3317,"parent":0,"menu_order":0,"comment_status":"closed","ping_status":"closed","template":"category.php","meta":{"footnotes":""},"class_list":["post-48","page","type-page","status-publish","has-post-thumbnail","hentry"],"yoast_head":"<!-- This site is optimized with the Yoast SEO plugin v25.7 - https:\/\/yoast.com\/wordpress\/plugins\/seo\/ -->\n<title>Blog Terra Parque | Terra Parque<\/title>\n<meta name=\"description\" content=\"Aqui voc\u00ea poder\u00e1 acompanhar todas as novidades atrav\u00e9s do blog do Terra Parque, dicas para aproveitar ao m\u00e1ximo e novidades sobre o resort.\" \/>\n<meta name=\"robots\" content=\"index, follow, max-snippet:-1, max-image-preview:large, max-video-preview:-1\" \/>\n<link rel=\"canonical\" href=\"https:\/\/terraparque.tur.br\/en\/novidades-do-blog\/\" \/>\n<meta property=\"og:locale\" content=\"en_US\" \/>\n<meta property=\"og:type\" content=\"article\" \/>\n<meta property=\"og:title\" content=\"Blog Terra Parque | Terra Parque\" \/>\n<meta property=\"og:description\" content=\"Aqui voc\u00ea poder\u00e1 acompanhar todas as novidades atrav\u00e9s do blog do Terra Parque, dicas para aproveitar ao m\u00e1ximo e novidades sobre o resort.\" \/>\n<meta property=\"og:url\" content=\"https:\/\/terraparque.tur.br\/en\/novidades-do-blog\/\" \/>\n<meta property=\"og:site_name\" content=\"Terra Parque\" \/>\n<meta property=\"article:publisher\" content=\"https:\/\/www.facebook.com\/terraparque\" \/>\n<meta property=\"article:modified_time\" content=\"2024-05-25T16:38:27+00:00\" \/>\n<meta property=\"og:image\" content=\"https:\/\/terraparque.tur.br\/wp-content\/uploads\/2024\/04\/vulcao-terra-parque-atrai-milhares-de-viajantes-ao-redor-do-mundo.jpg\" \/>\n\t<meta property=\"og:image:width\" content=\"1600\" \/>\n\t<meta property=\"og:image:height\" content=\"1200\" \/>\n\t<meta property=\"og:image:type\" content=\"image\/jpeg\" \/>\n<meta name=\"twitter:card\" content=\"summary_large_image\" \/>\n<meta name=\"twitter:label1\" content=\"Est. reading time\" \/>\n\t<meta name=\"twitter:data1\" content=\"2 minutes\" \/>\n<script type=\"application\/ld+json\" class=\"yoast-schema-graph\">{\"@context\":\"https:\/\/schema.org\",\"@graph\":[{\"@type\":\"WebPage\",\"@id\":\"https:\/\/terraparque.tur.br\/novidades-do-blog\/\",\"url\":\"https:\/\/terraparque.tur.br\/novidades-do-blog\/\",\"name\":\"Blog Terra Parque | Terra Parque\",\"isPartOf\":{\"@id\":\"https:\/\/terraparque.tur.br\/#website\"},\"primaryImageOfPage\":{\"@id\":\"https:\/\/terraparque.tur.br\/novidades-do-blog\/#primaryimage\"},\"image\":{\"@id\":\"https:\/\/terraparque.tur.br\/novidades-do-blog\/#primaryimage\"},\"thumbnailUrl\":\"https:\/\/terraparque.tur.br\/wp-content\/uploads\/2024\/04\/vulcao-terra-parque-atrai-milhares-de-viajantes-ao-redor-do-mundo.jpg\",\"datePublished\":\"2023-02-06T19:00:45+00:00\",\"dateModified\":\"2024-05-25T16:38:27+00:00\",\"description\":\"Aqui voc\u00ea poder\u00e1 acompanhar todas as novidades atrav\u00e9s do blog do Terra Parque, dicas para aproveitar ao m\u00e1ximo e novidades sobre o resort.\",\"breadcrumb\":{\"@id\":\"https:\/\/terraparque.tur.br\/novidades-do-blog\/#breadcrumb\"},\"inLanguage\":\"en-US\",\"potentialAction\":[{\"@type\":\"ReadAction\",\"target\":[\"https:\/\/terraparque.tur.br\/novidades-do-blog\/\"]}]},{\"@type\":\"ImageObject\",\"inLanguage\":\"en-US\",\"@id\":\"https:\/\/terraparque.tur.br\/novidades-do-blog\/#primaryimage\",\"url\":\"https:\/\/terraparque.tur.br\/wp-content\/uploads\/2024\/04\/vulcao-terra-parque-atrai-milhares-de-viajantes-ao-redor-do-mundo.jpg\",\"contentUrl\":\"https:\/\/terraparque.tur.br\/wp-content\/uploads\/2024\/04\/vulcao-terra-parque-atrai-milhares-de-viajantes-ao-redor-do-mundo.jpg\",\"width\":1600,\"height\":1200,\"caption\":\"Piscina Vulc\u00e2nica do Vulc\u00e3o Terra Parque\"},{\"@type\":\"BreadcrumbList\",\"@id\":\"https:\/\/terraparque.tur.br\/novidades-do-blog\/#breadcrumb\",\"itemListElement\":[{\"@type\":\"ListItem\",\"position\":1,\"name\":\"Home\",\"item\":\"https:\/\/terraparque.tur.br\/\"},{\"@type\":\"ListItem\",\"position\":2,\"name\":\"Novidades do Blog\"}]},{\"@type\":\"WebSite\",\"@id\":\"https:\/\/terraparque.tur.br\/#website\",\"url\":\"https:\/\/terraparque.tur.br\/\",\"name\":\"Terra Parque Eco Resort\",\"description\":\"\",\"publisher\":{\"@id\":\"https:\/\/terraparque.tur.br\/#organization\"},\"potentialAction\":[{\"@type\":\"SearchAction\",\"target\":{\"@type\":\"EntryPoint\",\"urlTemplate\":\"https:\/\/terraparque.tur.br\/?s={search_term_string}\"},\"query-input\":{\"@type\":\"PropertyValueSpecification\",\"valueRequired\":true,\"valueName\":\"search_term_string\"}}],\"inLanguage\":\"en-US\"},{\"@type\":\"Organization\",\"@id\":\"https:\/\/terraparque.tur.br\/#organization\",\"name\":\"Terra Parque Eco Resort\",\"url\":\"https:\/\/terraparque.tur.br\/\",\"logo\":{\"@type\":\"ImageObject\",\"inLanguage\":\"en-US\",\"@id\":\"https:\/\/terraparque.tur.br\/#\/schema\/logo\/image\/\",\"url\":\"https:\/\/terraparque.tur.br\/wp-content\/uploads\/2023\/03\/terra-favicon.png\",\"contentUrl\":\"https:\/\/terraparque.tur.br\/wp-content\/uploads\/2023\/03\/terra-favicon.png\",\"width\":512,\"height\":512,\"caption\":\"Terra Parque Eco Resort\"},\"image\":{\"@id\":\"https:\/\/terraparque.tur.br\/#\/schema\/logo\/image\/\"},\"sameAs\":[\"https:\/\/www.facebook.com\/terraparque\",\"https:\/\/www.instagram.com\/terraparque\/\",\"https:\/\/www.youtube.com\/terraparqueecoresort\",\"https:\/\/www.tiktok.com\/@terraparque\",\"https:\/\/www.tripadvisor.com.br\/Hotel_Review-g2350053-d2623441-Reviews-Terra_Parque_Eco_Resort-Pirapozinho_State_of_Sao_Paulo.html\"]}]}<\/script>\n<!-- \/ Yoast SEO plugin. -->","yoast_head_json":{"title":"Blog Terra Parque | Terra Parque","description":"Aqui voc\u00ea poder\u00e1 acompanhar todas as novidades atrav\u00e9s do blog do Terra Parque, dicas para aproveitar ao m\u00e1ximo e novidades sobre o resort.","robots":{"index":"index","follow":"follow","max-snippet":"max-snippet:-1","max-image-preview":"max-image-preview:large","max-video-preview":"max-video-preview:-1"},"canonical":"https:\/\/terraparque.tur.br\/en\/novidades-do-blog\/","og_locale":"en_US","og_type":"article","og_title":"Blog Terra Parque | Terra Parque","og_description":"Aqui voc\u00ea poder\u00e1 acompanhar todas as novidades atrav\u00e9s do blog do Terra Parque, dicas para aproveitar ao m\u00e1ximo e novidades sobre o resort.","og_url":"https:\/\/terraparque.tur.br\/en\/novidades-do-blog\/","og_site_name":"Terra Parque","article_publisher":"https:\/\/www.facebook.com\/terraparque","article_modified_time":"2024-05-25T16:38:27+00:00","og_image":[{"width":1600,"height":1200,"url":"https:\/\/terraparque.tur.br\/wp-content\/uploads\/2024\/04\/vulcao-terra-parque-atrai-milhares-de-viajantes-ao-redor-do-mundo.jpg","type":"image\/jpeg"}],"twitter_card":"summary_large_image","twitter_misc":{"Est. reading time":"2 minutes"},"schema":{"@context":"https:\/\/schema.org","@graph":[{"@type":"WebPage","@id":"https:\/\/terraparque.tur.br\/novidades-do-blog\/","url":"https:\/\/terraparque.tur.br\/novidades-do-blog\/","name":"Blog Terra Parque | Terra Parque","isPartOf":{"@id":"https:\/\/terraparque.tur.br\/#website"},"primaryImageOfPage":{"@id":"https:\/\/terraparque.tur.br\/novidades-do-blog\/#primaryimage"},"image":{"@id":"https:\/\/terraparque.tur.br\/novidades-do-blog\/#primaryimage"},"thumbnailUrl":"https:\/\/terraparque.tur.br\/wp-content\/uploads\/2024\/04\/vulcao-terra-parque-atrai-milhares-de-viajantes-ao-redor-do-mundo.jpg","datePublished":"2023-02-06T19:00:45+00:00","dateModified":"2024-05-25T16:38:27+00:00","description":"Aqui voc\u00ea poder\u00e1 acompanhar todas as novidades atrav\u00e9s do blog do Terra Parque, dicas para aproveitar ao m\u00e1ximo e novidades sobre o resort.","breadcrumb":{"@id":"https:\/\/terraparque.tur.br\/novidades-do-blog\/#breadcrumb"},"inLanguage":"en-US","potentialAction":[{"@type":"ReadAction","target":["https:\/\/terraparque.tur.br\/novidades-do-blog\/"]}]},{"@type":"ImageObject","inLanguage":"en-US","@id":"https:\/\/terraparque.tur.br\/novidades-do-blog\/#primaryimage","url":"https:\/\/terraparque.tur.br\/wp-content\/uploads\/2024\/04\/vulcao-terra-parque-atrai-milhares-de-viajantes-ao-redor-do-mundo.jpg","contentUrl":"https:\/\/terraparque.tur.br\/wp-content\/uploads\/2024\/04\/vulcao-terra-parque-atrai-milhares-de-viajantes-ao-redor-do-mundo.jpg","width":1600,"height":1200,"caption":"Piscina Vulc\u00e2nica do Vulc\u00e3o Terra Parque"},{"@type":"BreadcrumbList","@id":"https:\/\/terraparque.tur.br\/novidades-do-blog\/#breadcrumb","itemListElement":[{"@type":"ListItem","position":1,"name":"Home","item":"https:\/\/terraparque.tur.br\/"},{"@type":"ListItem","position":2,"name":"Novidades do Blog"}]},{"@type":"WebSite","@id":"https:\/\/terraparque.tur.br\/#website","url":"https:\/\/terraparque.tur.br\/","name":"Terra Parque Eco Resort","description":"","publisher":{"@id":"https:\/\/terraparque.tur.br\/#organization"},"potentialAction":[{"@type":"SearchAction","target":{"@type":"EntryPoint","urlTemplate":"https:\/\/terraparque.tur.br\/?s={search_term_string}"},"query-input":{"@type":"PropertyValueSpecification","valueRequired":true,"valueName":"search_term_string"}}],"inLanguage":"en-US"},{"@type":"Organization","@id":"https:\/\/terraparque.tur.br\/#organization","name":"Terra Parque Eco Resort","url":"https:\/\/terraparque.tur.br\/","logo":{"@type":"ImageObject","inLanguage":"en-US","@id":"https:\/\/terraparque.tur.br\/#\/schema\/logo\/image\/","url":"https:\/\/terraparque.tur.br\/wp-content\/uploads\/2023\/03\/terra-favicon.png","contentUrl":"https:\/\/terraparque.tur.br\/wp-content\/uploads\/2023\/03\/terra-favicon.png","width":512,"height":512,"caption":"Terra Parque Eco Resort"},"image":{"@id":"https:\/\/terraparque.tur.br\/#\/schema\/logo\/image\/"},"sameAs":["https:\/\/www.facebook.com\/terraparque","https:\/\/www.instagram.com\/terraparque\/","https:\/\/www.youtube.com\/terraparqueecoresort","https:\/\/www.tiktok.com\/@terraparque","https:\/\/www.tripadvisor.com.br\/Hotel_Review-g2350053-d2623441-Reviews-Terra_Parque_Eco_Resort-Pirapozinho_State_of_Sao_Paulo.html"]}]}},"_links":{"self":[{"href":"https:\/\/terraparque.tur.br\/en\/wp-json\/wp\/v2\/pages\/48","targetHints":{"allow":["GET"]}}],"collection":[{"href":"https:\/\/terraparque.tur.br\/en\/wp-json\/wp\/v2\/pages"}],"about":[{"href":"https:\/\/terraparque.tur.br\/en\/wp-json\/wp\/v2\/types\/page"}],"author":[{"embeddable":true,"href":"https:\/\/terraparque.tur.br\/en\/wp-json\/wp\/v2\/users\/1"}],"replies":[{"embeddable":true,"href":"https:\/\/terraparque.tur.br\/en\/wp-json\/wp\/v2\/comments?post=48"}],"version-history":[{"count":0,"href":"https:\/\/terraparque.tur.br\/en\/wp-json\/wp\/v2\/pages\/48\/revisions"}],"wp:featuredmedia":[{"embeddable":true,"href":"https:\/\/terraparque.tur.br\/en\/wp-json\/wp\/v2\/media\/3317"}],"wp:attachment":[{"href":"https:\/\/terraparque.tur.br\/en\/wp-json\/wp\/v2\/media?parent=48"}],"curies":[{"name":"wp","href":"https:\/\/api.w.org\/{rel}","templated":true}]}}