{"id":46,"date":"2023-02-06T16:00:34","date_gmt":"2023-02-06T19:00:34","guid":{"rendered":"https:\/\/terraparque.tur.br\/?page_id=46"},"modified":"2024-05-25T13:36:09","modified_gmt":"2024-05-25T16:36:09","slug":"loja-terra-parque","status":"publish","type":"page","link":"https:\/\/terraparque.tur.br\/en\/o-resort\/loja-terra-parque\/","title":{"rendered":"Terra Store"},"content":{"rendered":"<p>PRODUCTS FROM THE <a href=\"https:\/\/terraparque.tur.br\/en\/o-resort\/loja-terra-parque\/\">TERRA STORE<\/a><\/p>","protected":false},"excerpt":{"rendered":"<p>PRODUTOS DA LOJA DO TERRA PARQUE<\/p>","protected":false},"author":1,"featured_media":936,"parent":50,"menu_order":0,"comment_status":"closed","ping_status":"closed","template":"taxonomy-produtos.php","meta":{"footnotes":""},"class_list":["post-46","page","type-page","status-publish","has-post-thumbnail","hentry"],"yoast_head":"<!-- This site is optimized with the Yoast SEO plugin v25.7 - https:\/\/yoast.com\/wordpress\/plugins\/seo\/ -->\n<title>Loja Terra Parque | Terra Parque<\/title>\n<meta name=\"description\" content=\"Na Loja Terra Parque voc\u00ea ir\u00e1 encontrar os mais diversos produtos personalizados do Terra Parque Eco Resort para voc\u00ea ter a\u00ed na sua casa!\" \/>\n<meta name=\"robots\" content=\"index, follow, max-snippet:-1, max-image-preview:large, max-video-preview:-1\" \/>\n<link rel=\"canonical\" href=\"https:\/\/terraparque.tur.br\/en\/o-resort\/loja-terra-parque\/\" \/>\n<meta property=\"og:locale\" content=\"en_US\" \/>\n<meta property=\"og:type\" content=\"article\" \/>\n<meta property=\"og:title\" content=\"Loja Terra Parque | Terra Parque\" \/>\n<meta property=\"og:description\" content=\"Na Loja Terra Parque voc\u00ea ir\u00e1 encontrar os mais diversos produtos personalizados do Terra Parque Eco Resort para voc\u00ea ter a\u00ed na sua casa!\" \/>\n<meta property=\"og:url\" content=\"https:\/\/terraparque.tur.br\/en\/o-resort\/loja-terra-parque\/\" \/>\n<meta property=\"og:site_name\" content=\"Terra Parque\" \/>\n<meta property=\"article:publisher\" content=\"https:\/\/www.facebook.com\/terraparque\" \/>\n<meta property=\"article:modified_time\" content=\"2024-05-25T16:36:09+00:00\" \/>\n<meta property=\"og:image\" content=\"https:\/\/terraparque.tur.br\/wp-content\/uploads\/2023\/03\/loja-terra-parque-banner.png\" \/>\n\t<meta property=\"og:image:width\" content=\"1133\" \/>\n\t<meta property=\"og:image:height\" content=\"373\" \/>\n\t<meta property=\"og:image:type\" content=\"image\/png\" \/>\n<meta name=\"twitter:card\" content=\"summary_large_image\" \/>\n<meta name=\"twitter:label1\" content=\"Est. reading time\" \/>\n\t<meta name=\"twitter:data1\" content=\"1 minute\" \/>\n<script type=\"application\/ld+json\" class=\"yoast-schema-graph\">{\"@context\":\"https:\/\/schema.org\",\"@graph\":[{\"@type\":\"WebPage\",\"@id\":\"https:\/\/terraparque.tur.br\/o-resort\/loja-terra-parque\/\",\"url\":\"https:\/\/terraparque.tur.br\/o-resort\/loja-terra-parque\/\",\"name\":\"Loja Terra Parque | Terra Parque\",\"isPartOf\":{\"@id\":\"https:\/\/terraparque.tur.br\/#website\"},\"primaryImageOfPage\":{\"@id\":\"https:\/\/terraparque.tur.br\/o-resort\/loja-terra-parque\/#primaryimage\"},\"image\":{\"@id\":\"https:\/\/terraparque.tur.br\/o-resort\/loja-terra-parque\/#primaryimage\"},\"thumbnailUrl\":\"https:\/\/terraparque.tur.br\/wp-content\/uploads\/2023\/03\/loja-terra-parque-banner.png\",\"datePublished\":\"2023-02-06T19:00:34+00:00\",\"dateModified\":\"2024-05-25T16:36:09+00:00\",\"description\":\"Na Loja Terra Parque voc\u00ea ir\u00e1 encontrar os mais diversos produtos personalizados do Terra Parque Eco Resort para voc\u00ea ter a\u00ed na sua casa!\",\"breadcrumb\":{\"@id\":\"https:\/\/terraparque.tur.br\/o-resort\/loja-terra-parque\/#breadcrumb\"},\"inLanguage\":\"en-US\",\"potentialAction\":[{\"@type\":\"ReadAction\",\"target\":[\"https:\/\/terraparque.tur.br\/o-resort\/loja-terra-parque\/\"]}]},{\"@type\":\"ImageObject\",\"inLanguage\":\"en-US\",\"@id\":\"https:\/\/terraparque.tur.br\/o-resort\/loja-terra-parque\/#primaryimage\",\"url\":\"https:\/\/terraparque.tur.br\/wp-content\/uploads\/2023\/03\/loja-terra-parque-banner.png\",\"contentUrl\":\"https:\/\/terraparque.tur.br\/wp-content\/uploads\/2023\/03\/loja-terra-parque-banner.png\",\"width\":1133,\"height\":373,\"caption\":\"Loja Terra Parque Banner\"},{\"@type\":\"BreadcrumbList\",\"@id\":\"https:\/\/terraparque.tur.br\/o-resort\/loja-terra-parque\/#breadcrumb\",\"itemListElement\":[{\"@type\":\"ListItem\",\"position\":1,\"name\":\"Home\",\"item\":\"https:\/\/terraparque.tur.br\/\"},{\"@type\":\"ListItem\",\"position\":2,\"name\":\"O Resort\"},{\"@type\":\"ListItem\",\"position\":3,\"name\":\"Loja Terra Parque\"}]},{\"@type\":\"WebSite\",\"@id\":\"https:\/\/terraparque.tur.br\/#website\",\"url\":\"https:\/\/terraparque.tur.br\/\",\"name\":\"Terra Parque Eco Resort\",\"description\":\"\",\"publisher\":{\"@id\":\"https:\/\/terraparque.tur.br\/#organization\"},\"potentialAction\":[{\"@type\":\"SearchAction\",\"target\":{\"@type\":\"EntryPoint\",\"urlTemplate\":\"https:\/\/terraparque.tur.br\/?s={search_term_string}\"},\"query-input\":{\"@type\":\"PropertyValueSpecification\",\"valueRequired\":true,\"valueName\":\"search_term_string\"}}],\"inLanguage\":\"en-US\"},{\"@type\":\"Organization\",\"@id\":\"https:\/\/terraparque.tur.br\/#organization\",\"name\":\"Terra Parque Eco Resort\",\"url\":\"https:\/\/terraparque.tur.br\/\",\"logo\":{\"@type\":\"ImageObject\",\"inLanguage\":\"en-US\",\"@id\":\"https:\/\/terraparque.tur.br\/#\/schema\/logo\/image\/\",\"url\":\"https:\/\/terraparque.tur.br\/wp-content\/uploads\/2023\/03\/terra-favicon.png\",\"contentUrl\":\"https:\/\/terraparque.tur.br\/wp-content\/uploads\/2023\/03\/terra-favicon.png\",\"width\":512,\"height\":512,\"caption\":\"Terra Parque Eco Resort\"},\"image\":{\"@id\":\"https:\/\/terraparque.tur.br\/#\/schema\/logo\/image\/\"},\"sameAs\":[\"https:\/\/www.facebook.com\/terraparque\",\"https:\/\/www.instagram.com\/terraparque\/\",\"https:\/\/www.youtube.com\/terraparqueecoresort\",\"https:\/\/www.tiktok.com\/@terraparque\",\"https:\/\/www.tripadvisor.com.br\/Hotel_Review-g2350053-d2623441-Reviews-Terra_Parque_Eco_Resort-Pirapozinho_State_of_Sao_Paulo.html\"]}]}<\/script>\n<!-- \/ Yoast SEO plugin. -->","yoast_head_json":{"title":"Loja Terra Parque | Terra Parque","description":"Na Loja Terra Parque voc\u00ea ir\u00e1 encontrar os mais diversos produtos personalizados do Terra Parque Eco Resort para voc\u00ea ter a\u00ed na sua casa!","robots":{"index":"index","follow":"follow","max-snippet":"max-snippet:-1","max-image-preview":"max-image-preview:large","max-video-preview":"max-video-preview:-1"},"canonical":"https:\/\/terraparque.tur.br\/en\/o-resort\/loja-terra-parque\/","og_locale":"en_US","og_type":"article","og_title":"Loja Terra Parque | Terra Parque","og_description":"Na Loja Terra Parque voc\u00ea ir\u00e1 encontrar os mais diversos produtos personalizados do Terra Parque Eco Resort para voc\u00ea ter a\u00ed na sua casa!","og_url":"https:\/\/terraparque.tur.br\/en\/o-resort\/loja-terra-parque\/","og_site_name":"Terra Parque","article_publisher":"https:\/\/www.facebook.com\/terraparque","article_modified_time":"2024-05-25T16:36:09+00:00","og_image":[{"width":1133,"height":373,"url":"https:\/\/terraparque.tur.br\/wp-content\/uploads\/2023\/03\/loja-terra-parque-banner.png","type":"image\/png"}],"twitter_card":"summary_large_image","twitter_misc":{"Est. reading time":"1 minute"},"schema":{"@context":"https:\/\/schema.org","@graph":[{"@type":"WebPage","@id":"https:\/\/terraparque.tur.br\/o-resort\/loja-terra-parque\/","url":"https:\/\/terraparque.tur.br\/o-resort\/loja-terra-parque\/","name":"Loja Terra Parque | Terra Parque","isPartOf":{"@id":"https:\/\/terraparque.tur.br\/#website"},"primaryImageOfPage":{"@id":"https:\/\/terraparque.tur.br\/o-resort\/loja-terra-parque\/#primaryimage"},"image":{"@id":"https:\/\/terraparque.tur.br\/o-resort\/loja-terra-parque\/#primaryimage"},"thumbnailUrl":"https:\/\/terraparque.tur.br\/wp-content\/uploads\/2023\/03\/loja-terra-parque-banner.png","datePublished":"2023-02-06T19:00:34+00:00","dateModified":"2024-05-25T16:36:09+00:00","description":"Na Loja Terra Parque voc\u00ea ir\u00e1 encontrar os mais diversos produtos personalizados do Terra Parque Eco Resort para voc\u00ea ter a\u00ed na sua casa!","breadcrumb":{"@id":"https:\/\/terraparque.tur.br\/o-resort\/loja-terra-parque\/#breadcrumb"},"inLanguage":"en-US","potentialAction":[{"@type":"ReadAction","target":["https:\/\/terraparque.tur.br\/o-resort\/loja-terra-parque\/"]}]},{"@type":"ImageObject","inLanguage":"en-US","@id":"https:\/\/terraparque.tur.br\/o-resort\/loja-terra-parque\/#primaryimage","url":"https:\/\/terraparque.tur.br\/wp-content\/uploads\/2023\/03\/loja-terra-parque-banner.png","contentUrl":"https:\/\/terraparque.tur.br\/wp-content\/uploads\/2023\/03\/loja-terra-parque-banner.png","width":1133,"height":373,"caption":"Loja Terra Parque Banner"},{"@type":"BreadcrumbList","@id":"https:\/\/terraparque.tur.br\/o-resort\/loja-terra-parque\/#breadcrumb","itemListElement":[{"@type":"ListItem","position":1,"name":"Home","item":"https:\/\/terraparque.tur.br\/"},{"@type":"ListItem","position":2,"name":"O Resort"},{"@type":"ListItem","position":3,"name":"Loja Terra Parque"}]},{"@type":"WebSite","@id":"https:\/\/terraparque.tur.br\/#website","url":"https:\/\/terraparque.tur.br\/","name":"Terra Parque Eco Resort","description":"","publisher":{"@id":"https:\/\/terraparque.tur.br\/#organization"},"potentialAction":[{"@type":"SearchAction","target":{"@type":"EntryPoint","urlTemplate":"https:\/\/terraparque.tur.br\/?s={search_term_string}"},"query-input":{"@type":"PropertyValueSpecification","valueRequired":true,"valueName":"search_term_string"}}],"inLanguage":"en-US"},{"@type":"Organization","@id":"https:\/\/terraparque.tur.br\/#organization","name":"Terra Parque Eco Resort","url":"https:\/\/terraparque.tur.br\/","logo":{"@type":"ImageObject","inLanguage":"en-US","@id":"https:\/\/terraparque.tur.br\/#\/schema\/logo\/image\/","url":"https:\/\/terraparque.tur.br\/wp-content\/uploads\/2023\/03\/terra-favicon.png","contentUrl":"https:\/\/terraparque.tur.br\/wp-content\/uploads\/2023\/03\/terra-favicon.png","width":512,"height":512,"caption":"Terra Parque Eco Resort"},"image":{"@id":"https:\/\/terraparque.tur.br\/#\/schema\/logo\/image\/"},"sameAs":["https:\/\/www.facebook.com\/terraparque","https:\/\/www.instagram.com\/terraparque\/","https:\/\/www.youtube.com\/terraparqueecoresort","https:\/\/www.tiktok.com\/@terraparque","https:\/\/www.tripadvisor.com.br\/Hotel_Review-g2350053-d2623441-Reviews-Terra_Parque_Eco_Resort-Pirapozinho_State_of_Sao_Paulo.html"]}]}},"_links":{"self":[{"href":"https:\/\/terraparque.tur.br\/en\/wp-json\/wp\/v2\/pages\/46","targetHints":{"allow":["GET"]}}],"collection":[{"href":"https:\/\/terraparque.tur.br\/en\/wp-json\/wp\/v2\/pages"}],"about":[{"href":"https:\/\/terraparque.tur.br\/en\/wp-json\/wp\/v2\/types\/page"}],"author":[{"embeddable":true,"href":"https:\/\/terraparque.tur.br\/en\/wp-json\/wp\/v2\/users\/1"}],"replies":[{"embeddable":true,"href":"https:\/\/terraparque.tur.br\/en\/wp-json\/wp\/v2\/comments?post=46"}],"version-history":[{"count":0,"href":"https:\/\/terraparque.tur.br\/en\/wp-json\/wp\/v2\/pages\/46\/revisions"}],"up":[{"embeddable":true,"href":"https:\/\/terraparque.tur.br\/en\/wp-json\/wp\/v2\/pages\/50"}],"wp:featuredmedia":[{"embeddable":true,"href":"https:\/\/terraparque.tur.br\/en\/wp-json\/wp\/v2\/media\/936"}],"wp:attachment":[{"href":"https:\/\/terraparque.tur.br\/en\/wp-json\/wp\/v2\/media?parent=46"}],"curies":[{"name":"wp","href":"https:\/\/api.w.org\/{rel}","templated":true}]}}