{"id":415,"date":"2023-02-17T15:49:24","date_gmt":"2023-02-17T18:49:24","guid":{"rendered":"https:\/\/terraparque.tur.br\/?page_id=415"},"modified":"2026-01-05T13:58:25","modified_gmt":"2026-01-05T16:58:25","slug":"imagens-da-estrutura","status":"publish","type":"page","link":"https:\/\/terraparque.tur.br\/en\/o-resort\/imagens-da-estrutura\/","title":{"rendered":"Images and Map"},"content":{"rendered":"<p>Confira todas as imagens da estrutura do <a href=\"https:\/\/terraparque.tur.br\/en\/\">Terra Parque Eco Resort<\/a>, com mais de 324 mil metros quadrados em meio \u00e0 natureza<\/p>\n<p>Come\u00e7ando pelo complexo aqu\u00e1tico, com mais de 10 piscinas, assim como 7 tobo\u00e1guas, com bel\u00edssimas imagens da estrutura do complexo aqu\u00e1tico<\/p>\n<p>\u00c1reas de lazer com quadra de v\u00f4lei, redes para descanso, playground infantil, sal\u00e3o de jogos com mesa de ping pong, pebolim e sinuca, incr\u00edveis \u00e1reas de lazer do resort<\/p>\n<p>S\u00e3o mais de 8 op\u00e7\u00f5es de apartamentos super confort\u00e1veis, por dentro e por fora, apartamentos com vista para o lago, anexos \u00e0 recep\u00e7\u00e3o<\/p>\n<p>Centro de conven\u00e7\u00f5es do Terra Parque Eco Resort possui mais de 7 sal\u00f5es e uma equipe especializada na realiza\u00e7\u00e3o de eventos<\/p>\n<p>Os esportes de aventura do resort s\u00e3o diversos, com passeio nos pontos tur\u00edsticos do Bairro Noite Negra atrav\u00e9s do passeio de Jardineira, pared\u00e3o de escalada<\/p>\n<p>Tamb\u00e9m possu\u00edmos arborismo com tirolesa, passeio de caiaque e pedalinho, pesca esportiva, passeio \u00e0 cavalo e trilha<\/p>\n<p>O Terra Restaurante apresenta refei\u00e7\u00f5es tem\u00e1ticas diferentes todos os dias, com caf\u00e9 da manh\u00e3, almo\u00e7o e jantar, com bebidas (suco, refrigerante e cervejas nacionais) cortesia e \u00e0 vontade durante as refei\u00e7\u00f5es<\/p>\n<p>A Fazendinha do Sr P\u00e9pe com v\u00e1rios animais, como pav\u00e3o, sobretudo coelho, ovelha. Enfim, essas s\u00e3o algumas das imagens da estrutura do resort<\/p>","protected":false},"excerpt":{"rendered":"<p>Confira todas as imagens da estrutura do Terra Parque Eco Resort, com mais de 324 mil metros quadrados&#8230;<\/p>","protected":false},"author":1,"featured_media":5667,"parent":50,"menu_order":0,"comment_status":"closed","ping_status":"closed","template":"page-imagens-da-estrutura.php","meta":{"footnotes":""},"class_list":["post-415","page","type-page","status-publish","has-post-thumbnail","hentry"],"yoast_head":"<!-- This site is optimized with the Yoast SEO plugin v25.7 - https:\/\/yoast.com\/wordpress\/plugins\/seo\/ -->\n<title>Imagens da Estrutura | Terra Parque<\/title>\n<meta name=\"description\" content=\"Confira imagens de toda a estrutura do resort, com mais de 324 mil metros quadrados em meio \u00e0 natureza e um mapa interativo da estrutura.\" \/>\n<meta name=\"robots\" content=\"index, follow, max-snippet:-1, max-image-preview:large, max-video-preview:-1\" \/>\n<link rel=\"canonical\" href=\"https:\/\/terraparque.tur.br\/en\/o-resort\/imagens-da-estrutura\/\" \/>\n<meta property=\"og:locale\" content=\"en_US\" \/>\n<meta property=\"og:type\" content=\"article\" \/>\n<meta property=\"og:title\" content=\"Imagens da Estrutura | Terra Parque\" \/>\n<meta property=\"og:description\" content=\"Confira imagens de toda a estrutura do resort, com mais de 324 mil metros quadrados em meio \u00e0 natureza e um mapa interativo da estrutura.\" \/>\n<meta property=\"og:url\" content=\"https:\/\/terraparque.tur.br\/en\/o-resort\/imagens-da-estrutura\/\" \/>\n<meta property=\"og:site_name\" content=\"Terra Parque\" \/>\n<meta property=\"article:publisher\" content=\"https:\/\/www.facebook.com\/terraparque\" \/>\n<meta property=\"article:modified_time\" content=\"2026-01-05T16:58:25+00:00\" \/>\n<meta property=\"og:image\" content=\"https:\/\/terraparque.tur.br\/wp-content\/uploads\/2025\/07\/terra-formatura-piscina-vulcanica.jpg\" \/>\n\t<meta property=\"og:image:width\" content=\"1366\" \/>\n\t<meta property=\"og:image:height\" content=\"768\" \/>\n\t<meta property=\"og:image:type\" content=\"image\/jpeg\" \/>\n<meta name=\"twitter:card\" content=\"summary_large_image\" \/>\n<meta name=\"twitter:label1\" content=\"Est. reading time\" \/>\n\t<meta name=\"twitter:data1\" content=\"2 minutes\" \/>\n<script type=\"application\/ld+json\" class=\"yoast-schema-graph\">{\"@context\":\"https:\/\/schema.org\",\"@graph\":[{\"@type\":\"WebPage\",\"@id\":\"https:\/\/terraparque.tur.br\/o-resort\/imagens-da-estrutura\/\",\"url\":\"https:\/\/terraparque.tur.br\/o-resort\/imagens-da-estrutura\/\",\"name\":\"Imagens da Estrutura | Terra Parque\",\"isPartOf\":{\"@id\":\"https:\/\/terraparque.tur.br\/#website\"},\"primaryImageOfPage\":{\"@id\":\"https:\/\/terraparque.tur.br\/o-resort\/imagens-da-estrutura\/#primaryimage\"},\"image\":{\"@id\":\"https:\/\/terraparque.tur.br\/o-resort\/imagens-da-estrutura\/#primaryimage\"},\"thumbnailUrl\":\"https:\/\/terraparque.tur.br\/wp-content\/uploads\/2025\/07\/terra-formatura-piscina-vulcanica.jpg\",\"datePublished\":\"2023-02-17T18:49:24+00:00\",\"dateModified\":\"2026-01-05T16:58:25+00:00\",\"description\":\"Confira imagens de toda a estrutura do resort, com mais de 324 mil metros quadrados em meio \u00e0 natureza e um mapa interativo da estrutura.\",\"breadcrumb\":{\"@id\":\"https:\/\/terraparque.tur.br\/o-resort\/imagens-da-estrutura\/#breadcrumb\"},\"inLanguage\":\"en-US\",\"potentialAction\":[{\"@type\":\"ReadAction\",\"target\":[\"https:\/\/terraparque.tur.br\/o-resort\/imagens-da-estrutura\/\"]}]},{\"@type\":\"ImageObject\",\"inLanguage\":\"en-US\",\"@id\":\"https:\/\/terraparque.tur.br\/o-resort\/imagens-da-estrutura\/#primaryimage\",\"url\":\"https:\/\/terraparque.tur.br\/wp-content\/uploads\/2025\/07\/terra-formatura-piscina-vulcanica.jpg\",\"contentUrl\":\"https:\/\/terraparque.tur.br\/wp-content\/uploads\/2025\/07\/terra-formatura-piscina-vulcanica.jpg\",\"width\":1366,\"height\":768},{\"@type\":\"BreadcrumbList\",\"@id\":\"https:\/\/terraparque.tur.br\/o-resort\/imagens-da-estrutura\/#breadcrumb\",\"itemListElement\":[{\"@type\":\"ListItem\",\"position\":1,\"name\":\"Home\",\"item\":\"https:\/\/terraparque.tur.br\/\"},{\"@type\":\"ListItem\",\"position\":2,\"name\":\"O Resort\"},{\"@type\":\"ListItem\",\"position\":3,\"name\":\"Imagens da Estrutura\"}]},{\"@type\":\"WebSite\",\"@id\":\"https:\/\/terraparque.tur.br\/#website\",\"url\":\"https:\/\/terraparque.tur.br\/\",\"name\":\"Terra Parque Eco Resort\",\"description\":\"\",\"publisher\":{\"@id\":\"https:\/\/terraparque.tur.br\/#organization\"},\"potentialAction\":[{\"@type\":\"SearchAction\",\"target\":{\"@type\":\"EntryPoint\",\"urlTemplate\":\"https:\/\/terraparque.tur.br\/?s={search_term_string}\"},\"query-input\":{\"@type\":\"PropertyValueSpecification\",\"valueRequired\":true,\"valueName\":\"search_term_string\"}}],\"inLanguage\":\"en-US\"},{\"@type\":\"Organization\",\"@id\":\"https:\/\/terraparque.tur.br\/#organization\",\"name\":\"Terra Parque Eco Resort\",\"url\":\"https:\/\/terraparque.tur.br\/\",\"logo\":{\"@type\":\"ImageObject\",\"inLanguage\":\"en-US\",\"@id\":\"https:\/\/terraparque.tur.br\/#\/schema\/logo\/image\/\",\"url\":\"https:\/\/terraparque.tur.br\/wp-content\/uploads\/2023\/03\/terra-favicon.png\",\"contentUrl\":\"https:\/\/terraparque.tur.br\/wp-content\/uploads\/2023\/03\/terra-favicon.png\",\"width\":512,\"height\":512,\"caption\":\"Terra Parque Eco Resort\"},\"image\":{\"@id\":\"https:\/\/terraparque.tur.br\/#\/schema\/logo\/image\/\"},\"sameAs\":[\"https:\/\/www.facebook.com\/terraparque\",\"https:\/\/www.instagram.com\/terraparque\/\",\"https:\/\/www.youtube.com\/terraparqueecoresort\",\"https:\/\/www.tiktok.com\/@terraparque\",\"https:\/\/www.tripadvisor.com.br\/Hotel_Review-g2350053-d2623441-Reviews-Terra_Parque_Eco_Resort-Pirapozinho_State_of_Sao_Paulo.html\"]}]}<\/script>\n<!-- \/ Yoast SEO plugin. -->","yoast_head_json":{"title":"Imagens da Estrutura | Terra Parque","description":"Confira imagens de toda a estrutura do resort, com mais de 324 mil metros quadrados em meio \u00e0 natureza e um mapa interativo da estrutura.","robots":{"index":"index","follow":"follow","max-snippet":"max-snippet:-1","max-image-preview":"max-image-preview:large","max-video-preview":"max-video-preview:-1"},"canonical":"https:\/\/terraparque.tur.br\/en\/o-resort\/imagens-da-estrutura\/","og_locale":"en_US","og_type":"article","og_title":"Imagens da Estrutura | Terra Parque","og_description":"Confira imagens de toda a estrutura do resort, com mais de 324 mil metros quadrados em meio \u00e0 natureza e um mapa interativo da estrutura.","og_url":"https:\/\/terraparque.tur.br\/en\/o-resort\/imagens-da-estrutura\/","og_site_name":"Terra Parque","article_publisher":"https:\/\/www.facebook.com\/terraparque","article_modified_time":"2026-01-05T16:58:25+00:00","og_image":[{"width":1366,"height":768,"url":"https:\/\/terraparque.tur.br\/wp-content\/uploads\/2025\/07\/terra-formatura-piscina-vulcanica.jpg","type":"image\/jpeg"}],"twitter_card":"summary_large_image","twitter_misc":{"Est. reading time":"2 minutes"},"schema":{"@context":"https:\/\/schema.org","@graph":[{"@type":"WebPage","@id":"https:\/\/terraparque.tur.br\/o-resort\/imagens-da-estrutura\/","url":"https:\/\/terraparque.tur.br\/o-resort\/imagens-da-estrutura\/","name":"Imagens da Estrutura | Terra Parque","isPartOf":{"@id":"https:\/\/terraparque.tur.br\/#website"},"primaryImageOfPage":{"@id":"https:\/\/terraparque.tur.br\/o-resort\/imagens-da-estrutura\/#primaryimage"},"image":{"@id":"https:\/\/terraparque.tur.br\/o-resort\/imagens-da-estrutura\/#primaryimage"},"thumbnailUrl":"https:\/\/terraparque.tur.br\/wp-content\/uploads\/2025\/07\/terra-formatura-piscina-vulcanica.jpg","datePublished":"2023-02-17T18:49:24+00:00","dateModified":"2026-01-05T16:58:25+00:00","description":"Confira imagens de toda a estrutura do resort, com mais de 324 mil metros quadrados em meio \u00e0 natureza e um mapa interativo da estrutura.","breadcrumb":{"@id":"https:\/\/terraparque.tur.br\/o-resort\/imagens-da-estrutura\/#breadcrumb"},"inLanguage":"en-US","potentialAction":[{"@type":"ReadAction","target":["https:\/\/terraparque.tur.br\/o-resort\/imagens-da-estrutura\/"]}]},{"@type":"ImageObject","inLanguage":"en-US","@id":"https:\/\/terraparque.tur.br\/o-resort\/imagens-da-estrutura\/#primaryimage","url":"https:\/\/terraparque.tur.br\/wp-content\/uploads\/2025\/07\/terra-formatura-piscina-vulcanica.jpg","contentUrl":"https:\/\/terraparque.tur.br\/wp-content\/uploads\/2025\/07\/terra-formatura-piscina-vulcanica.jpg","width":1366,"height":768},{"@type":"BreadcrumbList","@id":"https:\/\/terraparque.tur.br\/o-resort\/imagens-da-estrutura\/#breadcrumb","itemListElement":[{"@type":"ListItem","position":1,"name":"Home","item":"https:\/\/terraparque.tur.br\/"},{"@type":"ListItem","position":2,"name":"O Resort"},{"@type":"ListItem","position":3,"name":"Imagens da Estrutura"}]},{"@type":"WebSite","@id":"https:\/\/terraparque.tur.br\/#website","url":"https:\/\/terraparque.tur.br\/","name":"Terra Parque Eco Resort","description":"","publisher":{"@id":"https:\/\/terraparque.tur.br\/#organization"},"potentialAction":[{"@type":"SearchAction","target":{"@type":"EntryPoint","urlTemplate":"https:\/\/terraparque.tur.br\/?s={search_term_string}"},"query-input":{"@type":"PropertyValueSpecification","valueRequired":true,"valueName":"search_term_string"}}],"inLanguage":"en-US"},{"@type":"Organization","@id":"https:\/\/terraparque.tur.br\/#organization","name":"Terra Parque Eco Resort","url":"https:\/\/terraparque.tur.br\/","logo":{"@type":"ImageObject","inLanguage":"en-US","@id":"https:\/\/terraparque.tur.br\/#\/schema\/logo\/image\/","url":"https:\/\/terraparque.tur.br\/wp-content\/uploads\/2023\/03\/terra-favicon.png","contentUrl":"https:\/\/terraparque.tur.br\/wp-content\/uploads\/2023\/03\/terra-favicon.png","width":512,"height":512,"caption":"Terra Parque Eco Resort"},"image":{"@id":"https:\/\/terraparque.tur.br\/#\/schema\/logo\/image\/"},"sameAs":["https:\/\/www.facebook.com\/terraparque","https:\/\/www.instagram.com\/terraparque\/","https:\/\/www.youtube.com\/terraparqueecoresort","https:\/\/www.tiktok.com\/@terraparque","https:\/\/www.tripadvisor.com.br\/Hotel_Review-g2350053-d2623441-Reviews-Terra_Parque_Eco_Resort-Pirapozinho_State_of_Sao_Paulo.html"]}]}},"_links":{"self":[{"href":"https:\/\/terraparque.tur.br\/en\/wp-json\/wp\/v2\/pages\/415","targetHints":{"allow":["GET"]}}],"collection":[{"href":"https:\/\/terraparque.tur.br\/en\/wp-json\/wp\/v2\/pages"}],"about":[{"href":"https:\/\/terraparque.tur.br\/en\/wp-json\/wp\/v2\/types\/page"}],"author":[{"embeddable":true,"href":"https:\/\/terraparque.tur.br\/en\/wp-json\/wp\/v2\/users\/1"}],"replies":[{"embeddable":true,"href":"https:\/\/terraparque.tur.br\/en\/wp-json\/wp\/v2\/comments?post=415"}],"version-history":[{"count":0,"href":"https:\/\/terraparque.tur.br\/en\/wp-json\/wp\/v2\/pages\/415\/revisions"}],"up":[{"embeddable":true,"href":"https:\/\/terraparque.tur.br\/en\/wp-json\/wp\/v2\/pages\/50"}],"wp:featuredmedia":[{"embeddable":true,"href":"https:\/\/terraparque.tur.br\/en\/wp-json\/wp\/v2\/media\/5667"}],"wp:attachment":[{"href":"https:\/\/terraparque.tur.br\/en\/wp-json\/wp\/v2\/media?parent=415"}],"curies":[{"name":"wp","href":"https:\/\/api.w.org\/{rel}","templated":true}]}}