{"id":35,"date":"2023-02-06T14:42:01","date_gmt":"2023-02-06T17:42:01","guid":{"rendered":"https:\/\/terraparque.tur.br\/?page_id=35"},"modified":"2026-04-06T15:16:21","modified_gmt":"2026-04-06T18:16:21","slug":"o-mais-buscado-do-brasil","status":"publish","type":"page","link":"https:\/\/terraparque.tur.br\/en\/","title":{"rendered":"Home"},"content":{"rendered":"<h1>Terra Parque Eco Resort<\/h1>\n<h3 class=\"font36 uppercase text-center\"><a href=\"https:\/\/terraparque.tur.br\/en\/\">PARA VOC\u00ca APROVEITAR TERRA PARQUE ECO RESORT<\/a><\/h3>\n<p class=\"font24 text-cinza text-center fw400\">Seja em dia de semana, final de semana ou por um dia, venha viver uma nova era no Terra Parque Eco Resort!<\/p>\n<p>Passe o dia \/ Day Use \/ Ver pacotes<\/p>\n<p>Hospedagem \/ Finais de Semana \/ Ver pacotes<\/p>\n<p>Hospedagem \/ Meio de semana \/ Ver pacotes<\/p>\n<h3 class=\"font36 uppercase text-center\"><a href=\"https:\/\/terraparque.tur.br\/en\/eventos\/\">EVENTOS<\/a> E <a href=\"https:\/\/terraparque.tur.br\/en\/terra-formatura\/\">FORMATURAS TERRA PARQUE ECO RESORT<\/a><\/h3>\n<p>Realize o seu evento no centro de conven\u00e7\u00f5es do resort ou uma viagem de formatura com a sua turma da escola<\/p>\n<p>Eventos \/ Confraterniza\u00e7\u00f5es, religiosos, encontros sociais e empresariais. \/ Saiba mais<\/p>\n<p>Formaturas \/ Viagem de formatura para alunos do 9\u00ba ano de todo o Brasil<\/p>\n<h2 class=\"text-white font48 fw600\">Among the best resorts in Brazil<\/h2>\n<p>Primeiramente, s\u00e3o 324 mil metros quadrados em meio a natureza com diversas op\u00e7\u00f5es de lazer e aventura em um dos melhores Resorts do Brasil<\/p>\n<p>Saiba mais sobre a hospedagem<\/p>\n<p>Acommodations on weekends<\/p>\n<h3 class=\"text-white\">O que voc\u00ea pode explorar<\/h3>\n<p>Passeio de caiaque<\/p>\n<p><a href=\"https:\/\/www.qgairsoft.com.br\/o-que-e-airsoft\/\">Airsoft<\/a><\/p>\n<p>Treetop adventure with zipline<\/p>\n<p>Trilha de aventura<\/p>\n<p>Passeio de jardineira<\/p>\n<p>CLIMBING WALL<\/p>\n<p>Sport fishing<\/p>\n<p>Juntamente com passeio de pedalinho<\/p>\n<h3 class=\"font36 uppercase text-center\">VANTAGENS<\/h3>\n<p class=\"font24 text-cinza text-center fw400\">Afinal, a nossa maior vantagem e especialidade \u00e9 cuidar bem de voc\u00ea<\/p>\n<p>Aeroporto 10 minutos do resort \/ Mais facilidade na sua viagem<\/p>\n<p>Sustentabilidade \/ 85% dos m\u00f3veis s\u00e3o de madeira reutilizada<\/p>\n<p>Programa de fidelidade \/ Dessa forma voc\u00ea acumula pontos e troca por di\u00e1rias<\/p>\n<p>Terra Parque differentials<\/p>\n<p>Hospedagem de final de semana<\/p>\n<div class=\"swiper swiper-vantagens overflow-visible pt-5 swiper-initialized swiper-horizontal swiper-free-mode swiper-backface-hidden\">\n<div id=\"swiper-wrapper-5f4cbf29f7e36f15\" class=\"swiper-wrapper\" aria-live=\"polite\">\n<div class=\"swiper-slide swiper-slide-active\" role=\"group\" aria-label=\"1 \/ 3\">\n<div class=\"cell py-5 bg-blur-vantagens\">\n<div class=\"\">\n<div class=\"d-flex justify-content-center justify-content-md-start\">Acomoda\u00e7\u00f5es \/ Acomoda\u00e7\u00f5es<\/div>\n<div>Gastronomia \/ Conhe\u00e7a mais<\/div>\n<\/div>\n<\/div>\n<\/div>\n<\/div>\n<\/div>\n<p>Localizado no interior do estado de S\u00e3o Paulo no munic\u00edpio de Pirapozinho. O Terra Parque Eco Resort foi eleito como um dos melhores Resorts do Brasil pelo site TripAdvisor por 4 anos consecutivos. Al\u00e9m disso, conta com uma \u00e1rea de 324 mil metros quadrados em meio a natureza com diversas op\u00e7\u00f5es de lazer e aventura.<\/p>\n<p>Por conseguinte, o rec\u00e9m lan\u00e7ado \u201cVulc\u00e3o Terra Parque\u201d \u00e9, sobretudo, uma das principais atra\u00e7\u00f5es e est\u00e1 cativando turistas de todo o Brasil para vivenciar uma experi\u00eancia imersiva na Era Mesoz\u00f3ica. Primeiramente, o <a href=\"https:\/\/terraparque.tur.br\/en\/\">Eco Resort<\/a>\u00a0It is a place that respects and lives in harmony with nature while also promoting sustainable initiatives through the reuse of wood, biomass, organic waste management, environmental reforestation, and more.<\/p>\n<p>Desse modo, o Terra Parque oferece diversos pacotes dedicados \u00e0 fam\u00edlia, assim como op\u00e7\u00f5es para viagem de formatura e a realiza\u00e7\u00e3o de qualquer tipo de evento no centro de conven\u00e7\u00f5es do resort.<\/p>\n<p>Dessa forma, com uma localiza\u00e7\u00e3o privilegiada, o resort fica \u00e0 apenas 10 minutos do aeroporto de Presidente Prudente \u2013 SP.<\/p>","protected":false},"excerpt":{"rendered":"<p>Terra Parque Eco Resort PARA VOC\u00ca APROVEITAR TERRA PARQUE ECO RESORT Seja em dia de semana, final de&#8230;<\/p>","protected":false},"author":1,"featured_media":4708,"parent":0,"menu_order":0,"comment_status":"closed","ping_status":"closed","template":"page-home.php","meta":{"footnotes":""},"class_list":["post-35","page","type-page","status-publish","has-post-thumbnail","hentry"],"yoast_head":"<!-- This site is optimized with the Yoast SEO plugin v25.7 - https:\/\/yoast.com\/wordpress\/plugins\/seo\/ -->\n<title>Terra Parque Eco Resort - O resort fazenda mais buscado do Brasil<\/title>\n<meta name=\"description\" content=\"O Terra Parque Eco Resort, o resort fazenda do vulc\u00e3o \u00e9 o lugar ideal para fam\u00edlia, com atra\u00e7\u00f5es e atividades para todas as idades.\" \/>\n<meta name=\"robots\" content=\"index, follow, max-snippet:-1, max-image-preview:large, max-video-preview:-1\" \/>\n<link rel=\"canonical\" href=\"https:\/\/terraparque.tur.br\/en\/\" \/>\n<meta property=\"og:locale\" content=\"en_US\" \/>\n<meta property=\"og:type\" content=\"article\" \/>\n<meta property=\"og:title\" content=\"Terra Parque Eco Resort - O resort fazenda mais buscado do Brasil\" \/>\n<meta property=\"og:description\" content=\"O Terra Parque Eco Resort, o resort fazenda do vulc\u00e3o \u00e9 o lugar ideal para fam\u00edlia, com atra\u00e7\u00f5es e atividades para todas as idades.\" \/>\n<meta property=\"og:url\" content=\"https:\/\/terraparque.tur.br\/en\/\" \/>\n<meta property=\"og:site_name\" content=\"Terra Parque\" \/>\n<meta property=\"article:publisher\" content=\"https:\/\/www.facebook.com\/terraparque\" \/>\n<meta property=\"article:modified_time\" content=\"2026-04-06T18:16:21+00:00\" \/>\n<meta property=\"og:image\" content=\"https:\/\/terraparque.tur.br\/wp-content\/uploads\/2024\/12\/Home-Piscina-Nova.png\" \/>\n\t<meta property=\"og:image:width\" content=\"1600\" \/>\n\t<meta property=\"og:image:height\" content=\"1067\" \/>\n\t<meta property=\"og:image:type\" content=\"image\/png\" \/>\n<meta name=\"twitter:card\" content=\"summary_large_image\" \/>\n<meta name=\"twitter:label1\" content=\"Est. reading time\" \/>\n\t<meta name=\"twitter:data1\" content=\"3 minutes\" \/>\n<script type=\"application\/ld+json\" class=\"yoast-schema-graph\">{\"@context\":\"https:\/\/schema.org\",\"@graph\":[{\"@type\":\"WebPage\",\"@id\":\"https:\/\/terraparque.tur.br\/\",\"url\":\"https:\/\/terraparque.tur.br\/\",\"name\":\"Terra Parque Eco Resort - O resort fazenda mais buscado do Brasil\",\"isPartOf\":{\"@id\":\"https:\/\/terraparque.tur.br\/#website\"},\"primaryImageOfPage\":{\"@id\":\"https:\/\/terraparque.tur.br\/#primaryimage\"},\"image\":{\"@id\":\"https:\/\/terraparque.tur.br\/#primaryimage\"},\"thumbnailUrl\":\"https:\/\/terraparque.tur.br\/wp-content\/uploads\/2024\/12\/Home-Piscina-Nova.png\",\"datePublished\":\"2023-02-06T17:42:01+00:00\",\"dateModified\":\"2026-04-06T18:16:21+00:00\",\"description\":\"O Terra Parque Eco Resort, o resort fazenda do vulc\u00e3o \u00e9 o lugar ideal para fam\u00edlia, com atra\u00e7\u00f5es e atividades para todas as idades.\",\"breadcrumb\":{\"@id\":\"https:\/\/terraparque.tur.br\/#breadcrumb\"},\"inLanguage\":\"en-US\",\"potentialAction\":[{\"@type\":\"ReadAction\",\"target\":[\"https:\/\/terraparque.tur.br\/\"]}]},{\"@type\":\"ImageObject\",\"inLanguage\":\"en-US\",\"@id\":\"https:\/\/terraparque.tur.br\/#primaryimage\",\"url\":\"https:\/\/terraparque.tur.br\/wp-content\/uploads\/2024\/12\/Home-Piscina-Nova.png\",\"contentUrl\":\"https:\/\/terraparque.tur.br\/wp-content\/uploads\/2024\/12\/Home-Piscina-Nova.png\",\"width\":1600,\"height\":1067,\"caption\":\"Home Piscina Nova\"},{\"@type\":\"BreadcrumbList\",\"@id\":\"https:\/\/terraparque.tur.br\/#breadcrumb\",\"itemListElement\":[{\"@type\":\"ListItem\",\"position\":1,\"name\":\"Home\",\"item\":\"https:\/\/terraparque.tur.br\/\"},{\"@type\":\"ListItem\",\"position\":2,\"name\":\"Home\"}]},{\"@type\":\"WebSite\",\"@id\":\"https:\/\/terraparque.tur.br\/#website\",\"url\":\"https:\/\/terraparque.tur.br\/\",\"name\":\"Terra Parque Eco Resort\",\"description\":\"\",\"publisher\":{\"@id\":\"https:\/\/terraparque.tur.br\/#organization\"},\"potentialAction\":[{\"@type\":\"SearchAction\",\"target\":{\"@type\":\"EntryPoint\",\"urlTemplate\":\"https:\/\/terraparque.tur.br\/?s={search_term_string}\"},\"query-input\":{\"@type\":\"PropertyValueSpecification\",\"valueRequired\":true,\"valueName\":\"search_term_string\"}}],\"inLanguage\":\"en-US\"},{\"@type\":\"Organization\",\"@id\":\"https:\/\/terraparque.tur.br\/#organization\",\"name\":\"Terra Parque Eco Resort\",\"url\":\"https:\/\/terraparque.tur.br\/\",\"logo\":{\"@type\":\"ImageObject\",\"inLanguage\":\"en-US\",\"@id\":\"https:\/\/terraparque.tur.br\/#\/schema\/logo\/image\/\",\"url\":\"https:\/\/terraparque.tur.br\/wp-content\/uploads\/2023\/03\/terra-favicon.png\",\"contentUrl\":\"https:\/\/terraparque.tur.br\/wp-content\/uploads\/2023\/03\/terra-favicon.png\",\"width\":512,\"height\":512,\"caption\":\"Terra Parque Eco Resort\"},\"image\":{\"@id\":\"https:\/\/terraparque.tur.br\/#\/schema\/logo\/image\/\"},\"sameAs\":[\"https:\/\/www.facebook.com\/terraparque\",\"https:\/\/www.instagram.com\/terraparque\/\",\"https:\/\/www.youtube.com\/terraparqueecoresort\",\"https:\/\/www.tiktok.com\/@terraparque\",\"https:\/\/www.tripadvisor.com.br\/Hotel_Review-g2350053-d2623441-Reviews-Terra_Parque_Eco_Resort-Pirapozinho_State_of_Sao_Paulo.html\"]}]}<\/script>\n<!-- \/ Yoast SEO plugin. -->","yoast_head_json":{"title":"Terra Parque Eco Resort - O resort fazenda mais buscado do Brasil","description":"O Terra Parque Eco Resort, o resort fazenda do vulc\u00e3o \u00e9 o lugar ideal para fam\u00edlia, com atra\u00e7\u00f5es e atividades para todas as idades.","robots":{"index":"index","follow":"follow","max-snippet":"max-snippet:-1","max-image-preview":"max-image-preview:large","max-video-preview":"max-video-preview:-1"},"canonical":"https:\/\/terraparque.tur.br\/en\/","og_locale":"en_US","og_type":"article","og_title":"Terra Parque Eco Resort - O resort fazenda mais buscado do Brasil","og_description":"O Terra Parque Eco Resort, o resort fazenda do vulc\u00e3o \u00e9 o lugar ideal para fam\u00edlia, com atra\u00e7\u00f5es e atividades para todas as idades.","og_url":"https:\/\/terraparque.tur.br\/en\/","og_site_name":"Terra Parque","article_publisher":"https:\/\/www.facebook.com\/terraparque","article_modified_time":"2026-04-06T18:16:21+00:00","og_image":[{"url":"https:\/\/terraparque.tur.br\/wp-content\/uploads\/2024\/12\/Home-Piscina-Nova.png","width":1600,"height":1067,"type":"image\/png"}],"twitter_card":"summary_large_image","twitter_misc":{"Est. reading time":"3 minutes"},"schema":{"@context":"https:\/\/schema.org","@graph":[{"@type":"WebPage","@id":"https:\/\/terraparque.tur.br\/","url":"https:\/\/terraparque.tur.br\/","name":"Terra Parque Eco Resort - O resort fazenda mais buscado do Brasil","isPartOf":{"@id":"https:\/\/terraparque.tur.br\/#website"},"primaryImageOfPage":{"@id":"https:\/\/terraparque.tur.br\/#primaryimage"},"image":{"@id":"https:\/\/terraparque.tur.br\/#primaryimage"},"thumbnailUrl":"https:\/\/terraparque.tur.br\/wp-content\/uploads\/2024\/12\/Home-Piscina-Nova.png","datePublished":"2023-02-06T17:42:01+00:00","dateModified":"2026-04-06T18:16:21+00:00","description":"O Terra Parque Eco Resort, o resort fazenda do vulc\u00e3o \u00e9 o lugar ideal para fam\u00edlia, com atra\u00e7\u00f5es e atividades para todas as idades.","breadcrumb":{"@id":"https:\/\/terraparque.tur.br\/#breadcrumb"},"inLanguage":"en-US","potentialAction":[{"@type":"ReadAction","target":["https:\/\/terraparque.tur.br\/"]}]},{"@type":"ImageObject","inLanguage":"en-US","@id":"https:\/\/terraparque.tur.br\/#primaryimage","url":"https:\/\/terraparque.tur.br\/wp-content\/uploads\/2024\/12\/Home-Piscina-Nova.png","contentUrl":"https:\/\/terraparque.tur.br\/wp-content\/uploads\/2024\/12\/Home-Piscina-Nova.png","width":1600,"height":1067,"caption":"Home Piscina Nova"},{"@type":"BreadcrumbList","@id":"https:\/\/terraparque.tur.br\/#breadcrumb","itemListElement":[{"@type":"ListItem","position":1,"name":"Home","item":"https:\/\/terraparque.tur.br\/"},{"@type":"ListItem","position":2,"name":"Home"}]},{"@type":"WebSite","@id":"https:\/\/terraparque.tur.br\/#website","url":"https:\/\/terraparque.tur.br\/","name":"Terra Parque Eco Resort","description":"","publisher":{"@id":"https:\/\/terraparque.tur.br\/#organization"},"potentialAction":[{"@type":"SearchAction","target":{"@type":"EntryPoint","urlTemplate":"https:\/\/terraparque.tur.br\/?s={search_term_string}"},"query-input":{"@type":"PropertyValueSpecification","valueRequired":true,"valueName":"search_term_string"}}],"inLanguage":"en-US"},{"@type":"Organization","@id":"https:\/\/terraparque.tur.br\/#organization","name":"Terra Parque Eco Resort","url":"https:\/\/terraparque.tur.br\/","logo":{"@type":"ImageObject","inLanguage":"en-US","@id":"https:\/\/terraparque.tur.br\/#\/schema\/logo\/image\/","url":"https:\/\/terraparque.tur.br\/wp-content\/uploads\/2023\/03\/terra-favicon.png","contentUrl":"https:\/\/terraparque.tur.br\/wp-content\/uploads\/2023\/03\/terra-favicon.png","width":512,"height":512,"caption":"Terra Parque Eco Resort"},"image":{"@id":"https:\/\/terraparque.tur.br\/#\/schema\/logo\/image\/"},"sameAs":["https:\/\/www.facebook.com\/terraparque","https:\/\/www.instagram.com\/terraparque\/","https:\/\/www.youtube.com\/terraparqueecoresort","https:\/\/www.tiktok.com\/@terraparque","https:\/\/www.tripadvisor.com.br\/Hotel_Review-g2350053-d2623441-Reviews-Terra_Parque_Eco_Resort-Pirapozinho_State_of_Sao_Paulo.html"]}]}},"_links":{"self":[{"href":"https:\/\/terraparque.tur.br\/en\/wp-json\/wp\/v2\/pages\/35","targetHints":{"allow":["GET"]}}],"collection":[{"href":"https:\/\/terraparque.tur.br\/en\/wp-json\/wp\/v2\/pages"}],"about":[{"href":"https:\/\/terraparque.tur.br\/en\/wp-json\/wp\/v2\/types\/page"}],"author":[{"embeddable":true,"href":"https:\/\/terraparque.tur.br\/en\/wp-json\/wp\/v2\/users\/1"}],"replies":[{"embeddable":true,"href":"https:\/\/terraparque.tur.br\/en\/wp-json\/wp\/v2\/comments?post=35"}],"version-history":[{"count":0,"href":"https:\/\/terraparque.tur.br\/en\/wp-json\/wp\/v2\/pages\/35\/revisions"}],"wp:featuredmedia":[{"embeddable":true,"href":"https:\/\/terraparque.tur.br\/en\/wp-json\/wp\/v2\/media\/4708"}],"wp:attachment":[{"href":"https:\/\/terraparque.tur.br\/en\/wp-json\/wp\/v2\/media?parent=35"}],"curies":[{"name":"wp","href":"https:\/\/api.w.org\/{rel}","templated":true}]}}