{"id":33,"date":"2023-02-06T14:40:13","date_gmt":"2023-02-06T17:40:13","guid":{"rendered":"https:\/\/terraparque.tur.br\/?page_id=33"},"modified":"2025-04-08T15:55:56","modified_gmt":"2025-04-08T18:55:56","slug":"saloes-de-eventos","status":"publish","type":"page","link":"https:\/\/terraparque.tur.br\/en\/saloes-de-eventos\/","title":{"rendered":"Event Halls"},"content":{"rendered":"<h2 style=\"text-align: center;\">DISCOVER THE EVENT SPACES AT <a href=\"http:\/\/terraparque.tur.br\/en\/\">HALLS<\/a><\/h2>\n<p style=\"text-align: center;\">Convention center dedicated to holding events with several event rooms including: Espa\u00e7o Na\u00e7\u00f5es, Espa\u00e7o Pub, Social room, Terra Costelaria, Training room, Restaurant and event room that together can accommodate 1500 people simultaneously.<\/p>","protected":false},"excerpt":{"rendered":"<p>CONHE\u00c7A OS ESPA\u00c7OS DE EVENTOS DO RESORT Centro de conven\u00e7\u00f5es dedicado para realiza\u00e7\u00e3o de eventos com diversos sal\u00f5es&#8230;<\/p>","protected":false},"author":1,"featured_media":473,"parent":0,"menu_order":0,"comment_status":"closed","ping_status":"closed","template":"page-saloes-de-eventos.php","meta":{"footnotes":""},"class_list":["post-33","page","type-page","status-publish","has-post-thumbnail","hentry"],"yoast_head":"<!-- This site is optimized with the Yoast SEO plugin v25.7 - https:\/\/yoast.com\/wordpress\/plugins\/seo\/ -->\n<title>Sal\u00f5es de eventos<\/title>\n<meta name=\"description\" content=\"Sal\u00f5es de eventos dedicados para realiza\u00e7\u00e3o de eventos com diversos ambientes, que somados podem atender at\u00e9 1500 pessoas simultaneamente\" \/>\n<meta name=\"robots\" content=\"index, follow, max-snippet:-1, max-image-preview:large, max-video-preview:-1\" \/>\n<link rel=\"canonical\" href=\"https:\/\/terraparque.tur.br\/en\/saloes-de-eventos\/\" \/>\n<meta property=\"og:locale\" content=\"en_US\" \/>\n<meta property=\"og:type\" content=\"article\" \/>\n<meta property=\"og:title\" content=\"Sal\u00f5es de eventos\" \/>\n<meta property=\"og:description\" content=\"Sal\u00f5es de eventos dedicados para realiza\u00e7\u00e3o de eventos com diversos ambientes, que somados podem atender at\u00e9 1500 pessoas simultaneamente\" \/>\n<meta property=\"og:url\" content=\"https:\/\/terraparque.tur.br\/en\/saloes-de-eventos\/\" \/>\n<meta property=\"og:site_name\" content=\"Terra Parque\" \/>\n<meta property=\"article:publisher\" content=\"https:\/\/www.facebook.com\/terraparque\" \/>\n<meta property=\"article:modified_time\" content=\"2025-04-08T18:55:56+00:00\" \/>\n<meta property=\"og:image\" content=\"https:\/\/terraparque.tur.br\/wp-content\/uploads\/2023\/02\/saloes-de-eventos.jpg\" \/>\n\t<meta property=\"og:image:width\" content=\"1600\" \/>\n\t<meta property=\"og:image:height\" content=\"657\" \/>\n\t<meta property=\"og:image:type\" content=\"image\/jpeg\" \/>\n<meta name=\"twitter:card\" content=\"summary_large_image\" \/>\n<meta name=\"twitter:label1\" content=\"Est. reading time\" \/>\n\t<meta name=\"twitter:data1\" content=\"1 minute\" \/>\n<script type=\"application\/ld+json\" class=\"yoast-schema-graph\">{\"@context\":\"https:\/\/schema.org\",\"@graph\":[{\"@type\":\"WebPage\",\"@id\":\"https:\/\/terraparque.tur.br\/saloes-de-eventos\/\",\"url\":\"https:\/\/terraparque.tur.br\/saloes-de-eventos\/\",\"name\":\"Sal\u00f5es de eventos\",\"isPartOf\":{\"@id\":\"https:\/\/terraparque.tur.br\/#website\"},\"primaryImageOfPage\":{\"@id\":\"https:\/\/terraparque.tur.br\/saloes-de-eventos\/#primaryimage\"},\"image\":{\"@id\":\"https:\/\/terraparque.tur.br\/saloes-de-eventos\/#primaryimage\"},\"thumbnailUrl\":\"https:\/\/terraparque.tur.br\/wp-content\/uploads\/2023\/02\/saloes-de-eventos.jpg\",\"datePublished\":\"2023-02-06T17:40:13+00:00\",\"dateModified\":\"2025-04-08T18:55:56+00:00\",\"description\":\"Sal\u00f5es de eventos dedicados para realiza\u00e7\u00e3o de eventos com diversos ambientes, que somados podem atender at\u00e9 1500 pessoas simultaneamente\",\"breadcrumb\":{\"@id\":\"https:\/\/terraparque.tur.br\/saloes-de-eventos\/#breadcrumb\"},\"inLanguage\":\"en-US\",\"potentialAction\":[{\"@type\":\"ReadAction\",\"target\":[\"https:\/\/terraparque.tur.br\/saloes-de-eventos\/\"]}]},{\"@type\":\"ImageObject\",\"inLanguage\":\"en-US\",\"@id\":\"https:\/\/terraparque.tur.br\/saloes-de-eventos\/#primaryimage\",\"url\":\"https:\/\/terraparque.tur.br\/wp-content\/uploads\/2023\/02\/saloes-de-eventos.jpg\",\"contentUrl\":\"https:\/\/terraparque.tur.br\/wp-content\/uploads\/2023\/02\/saloes-de-eventos.jpg\",\"width\":1600,\"height\":657,\"caption\":\"Sal\u00f5es-de-Eventos\"},{\"@type\":\"BreadcrumbList\",\"@id\":\"https:\/\/terraparque.tur.br\/saloes-de-eventos\/#breadcrumb\",\"itemListElement\":[{\"@type\":\"ListItem\",\"position\":1,\"name\":\"Home\",\"item\":\"https:\/\/terraparque.tur.br\/\"},{\"@type\":\"ListItem\",\"position\":2,\"name\":\"Sal\u00f5es de eventos\"}]},{\"@type\":\"WebSite\",\"@id\":\"https:\/\/terraparque.tur.br\/#website\",\"url\":\"https:\/\/terraparque.tur.br\/\",\"name\":\"Terra Parque Eco Resort\",\"description\":\"\",\"publisher\":{\"@id\":\"https:\/\/terraparque.tur.br\/#organization\"},\"potentialAction\":[{\"@type\":\"SearchAction\",\"target\":{\"@type\":\"EntryPoint\",\"urlTemplate\":\"https:\/\/terraparque.tur.br\/?s={search_term_string}\"},\"query-input\":{\"@type\":\"PropertyValueSpecification\",\"valueRequired\":true,\"valueName\":\"search_term_string\"}}],\"inLanguage\":\"en-US\"},{\"@type\":\"Organization\",\"@id\":\"https:\/\/terraparque.tur.br\/#organization\",\"name\":\"Terra Parque Eco Resort\",\"url\":\"https:\/\/terraparque.tur.br\/\",\"logo\":{\"@type\":\"ImageObject\",\"inLanguage\":\"en-US\",\"@id\":\"https:\/\/terraparque.tur.br\/#\/schema\/logo\/image\/\",\"url\":\"https:\/\/terraparque.tur.br\/wp-content\/uploads\/2023\/03\/terra-favicon.png\",\"contentUrl\":\"https:\/\/terraparque.tur.br\/wp-content\/uploads\/2023\/03\/terra-favicon.png\",\"width\":512,\"height\":512,\"caption\":\"Terra Parque Eco Resort\"},\"image\":{\"@id\":\"https:\/\/terraparque.tur.br\/#\/schema\/logo\/image\/\"},\"sameAs\":[\"https:\/\/www.facebook.com\/terraparque\",\"https:\/\/www.instagram.com\/terraparque\/\",\"https:\/\/www.youtube.com\/terraparqueecoresort\",\"https:\/\/www.tiktok.com\/@terraparque\",\"https:\/\/www.tripadvisor.com.br\/Hotel_Review-g2350053-d2623441-Reviews-Terra_Parque_Eco_Resort-Pirapozinho_State_of_Sao_Paulo.html\"]}]}<\/script>\n<!-- \/ Yoast SEO plugin. -->","yoast_head_json":{"title":"Event Halls","description":"Sal\u00f5es de eventos dedicados para realiza\u00e7\u00e3o de eventos com diversos ambientes, que somados podem atender at\u00e9 1500 pessoas simultaneamente","robots":{"index":"index","follow":"follow","max-snippet":"max-snippet:-1","max-image-preview":"max-image-preview:large","max-video-preview":"max-video-preview:-1"},"canonical":"https:\/\/terraparque.tur.br\/en\/saloes-de-eventos\/","og_locale":"en_US","og_type":"article","og_title":"Sal\u00f5es de eventos","og_description":"Sal\u00f5es de eventos dedicados para realiza\u00e7\u00e3o de eventos com diversos ambientes, que somados podem atender at\u00e9 1500 pessoas simultaneamente","og_url":"https:\/\/terraparque.tur.br\/en\/saloes-de-eventos\/","og_site_name":"Terra Parque","article_publisher":"https:\/\/www.facebook.com\/terraparque","article_modified_time":"2025-04-08T18:55:56+00:00","og_image":[{"width":1600,"height":657,"url":"https:\/\/terraparque.tur.br\/wp-content\/uploads\/2023\/02\/saloes-de-eventos.jpg","type":"image\/jpeg"}],"twitter_card":"summary_large_image","twitter_misc":{"Est. reading time":"1 minute"},"schema":{"@context":"https:\/\/schema.org","@graph":[{"@type":"WebPage","@id":"https:\/\/terraparque.tur.br\/saloes-de-eventos\/","url":"https:\/\/terraparque.tur.br\/saloes-de-eventos\/","name":"Event Halls","isPartOf":{"@id":"https:\/\/terraparque.tur.br\/#website"},"primaryImageOfPage":{"@id":"https:\/\/terraparque.tur.br\/saloes-de-eventos\/#primaryimage"},"image":{"@id":"https:\/\/terraparque.tur.br\/saloes-de-eventos\/#primaryimage"},"thumbnailUrl":"https:\/\/terraparque.tur.br\/wp-content\/uploads\/2023\/02\/saloes-de-eventos.jpg","datePublished":"2023-02-06T17:40:13+00:00","dateModified":"2025-04-08T18:55:56+00:00","description":"Sal\u00f5es de eventos dedicados para realiza\u00e7\u00e3o de eventos com diversos ambientes, que somados podem atender at\u00e9 1500 pessoas simultaneamente","breadcrumb":{"@id":"https:\/\/terraparque.tur.br\/saloes-de-eventos\/#breadcrumb"},"inLanguage":"en-US","potentialAction":[{"@type":"ReadAction","target":["https:\/\/terraparque.tur.br\/saloes-de-eventos\/"]}]},{"@type":"ImageObject","inLanguage":"en-US","@id":"https:\/\/terraparque.tur.br\/saloes-de-eventos\/#primaryimage","url":"https:\/\/terraparque.tur.br\/wp-content\/uploads\/2023\/02\/saloes-de-eventos.jpg","contentUrl":"https:\/\/terraparque.tur.br\/wp-content\/uploads\/2023\/02\/saloes-de-eventos.jpg","width":1600,"height":657,"caption":"Sal\u00f5es-de-Eventos"},{"@type":"BreadcrumbList","@id":"https:\/\/terraparque.tur.br\/saloes-de-eventos\/#breadcrumb","itemListElement":[{"@type":"ListItem","position":1,"name":"Home","item":"https:\/\/terraparque.tur.br\/"},{"@type":"ListItem","position":2,"name":"Sal\u00f5es de eventos"}]},{"@type":"WebSite","@id":"https:\/\/terraparque.tur.br\/#website","url":"https:\/\/terraparque.tur.br\/","name":"Terra Parque Eco Resort","description":"","publisher":{"@id":"https:\/\/terraparque.tur.br\/#organization"},"potentialAction":[{"@type":"SearchAction","target":{"@type":"EntryPoint","urlTemplate":"https:\/\/terraparque.tur.br\/?s={search_term_string}"},"query-input":{"@type":"PropertyValueSpecification","valueRequired":true,"valueName":"search_term_string"}}],"inLanguage":"en-US"},{"@type":"Organization","@id":"https:\/\/terraparque.tur.br\/#organization","name":"Terra Parque Eco Resort","url":"https:\/\/terraparque.tur.br\/","logo":{"@type":"ImageObject","inLanguage":"en-US","@id":"https:\/\/terraparque.tur.br\/#\/schema\/logo\/image\/","url":"https:\/\/terraparque.tur.br\/wp-content\/uploads\/2023\/03\/terra-favicon.png","contentUrl":"https:\/\/terraparque.tur.br\/wp-content\/uploads\/2023\/03\/terra-favicon.png","width":512,"height":512,"caption":"Terra Parque Eco Resort"},"image":{"@id":"https:\/\/terraparque.tur.br\/#\/schema\/logo\/image\/"},"sameAs":["https:\/\/www.facebook.com\/terraparque","https:\/\/www.instagram.com\/terraparque\/","https:\/\/www.youtube.com\/terraparqueecoresort","https:\/\/www.tiktok.com\/@terraparque","https:\/\/www.tripadvisor.com.br\/Hotel_Review-g2350053-d2623441-Reviews-Terra_Parque_Eco_Resort-Pirapozinho_State_of_Sao_Paulo.html"]}]}},"_links":{"self":[{"href":"https:\/\/terraparque.tur.br\/en\/wp-json\/wp\/v2\/pages\/33","targetHints":{"allow":["GET"]}}],"collection":[{"href":"https:\/\/terraparque.tur.br\/en\/wp-json\/wp\/v2\/pages"}],"about":[{"href":"https:\/\/terraparque.tur.br\/en\/wp-json\/wp\/v2\/types\/page"}],"author":[{"embeddable":true,"href":"https:\/\/terraparque.tur.br\/en\/wp-json\/wp\/v2\/users\/1"}],"replies":[{"embeddable":true,"href":"https:\/\/terraparque.tur.br\/en\/wp-json\/wp\/v2\/comments?post=33"}],"version-history":[{"count":0,"href":"https:\/\/terraparque.tur.br\/en\/wp-json\/wp\/v2\/pages\/33\/revisions"}],"wp:featuredmedia":[{"embeddable":true,"href":"https:\/\/terraparque.tur.br\/en\/wp-json\/wp\/v2\/media\/473"}],"wp:attachment":[{"href":"https:\/\/terraparque.tur.br\/en\/wp-json\/wp\/v2\/media?parent=33"}],"curies":[{"name":"wp","href":"https:\/\/api.w.org\/{rel}","templated":true}]}}