{"id":31,"date":"2023-02-06T14:36:27","date_gmt":"2023-02-06T17:36:27","guid":{"rendered":"https:\/\/terraparque.tur.br\/?page_id=31"},"modified":"2025-12-22T14:05:45","modified_gmt":"2025-12-22T17:05:45","slug":"eventos","status":"publish","type":"page","link":"https:\/\/terraparque.tur.br\/en\/eventos\/","title":{"rendered":"Events"},"content":{"rendered":"<h2>MEET THE RESORT\u2019S 7 EVENT HALLS<\/h2>\n<p><a href=\"https:\/\/terraparque.tur.br\/en\/eventos\/\">Centro de conven\u00e7\u00f5es<\/a> dedicado para realiza\u00e7\u00e3o de eventos, isto \u00e9, com sal\u00f5es de eventos. Entre eles: Espa\u00e7o Gourmet, Espa\u00e7o Na\u00e7\u00f5es, Espa\u00e7o Pub, sal\u00e3o de Conviv\u00eancia, Terra Costelaria, sala de Treinamentos, Restaurante e sal\u00e3o de eventos que somados podem atender 1500 pessoas simultaneamente.<\/p>\n<p>Realizamos todo tipo de eventos, desde confraterniza\u00e7\u00f5es, empresariais, religiosos, assim como sociais<\/p>\n<p>Encontro de fam\u00edlia, anivers\u00e1rio de 15 anos, palestras, retiro religioso, anivers\u00e1rio de aventura, corporativo, day use, encontro de casais, TEAL (treinamento ao ar livre).<\/p>\n<p>Encontro de turma, acampamentos, casamentos, jantar de confraterniza\u00e7\u00e3o, happy hour<\/p>\n<p>Encantos: O espa\u00e7o Encantos tem capacidade m\u00e1xima para agregar 150 pessoas. Ambiente climatizado com tel\u00e3o, projetor, sonoriza\u00e7\u00e3o, ilumina\u00e7\u00e3o, microfone sem fio, p\u00falpito e notebook. O resort conta com servi\u00e7o gastron\u00f4mico completo de coffee break e buffet.<\/p>\n<p>Treinamentos: Espa\u00e7o climatizado tendo um total de 90 metros quadrados com possibilidade de acomodar at\u00e9 70 pessoas em formato audit\u00f3rio, \u00e1rea de apoio para caf\u00e9, sanit\u00e1rios masculino e feminino, toda instala\u00e7\u00e3o de som, assim como conex\u00f5es para v\u00eddeo e Flip Chart.<\/p>\n<p>Conviv\u00eancia: Espa\u00e7o climatizado tendo um total de 350 metros quadrados com possibilidade de acomodar at\u00e9 300 pessoas em formato audit\u00f3rio. \u00c1rea de apoio para caf\u00e9, sanit\u00e1rios masculino e feminino, toda instala\u00e7\u00e3o de som, conex\u00f5es para v\u00eddeo e Flip Chart.<\/p>\n<p>Restaurante: Espa\u00e7o climatizado tendo um total de 800 metros quadrados com possibilidade de acomodar at\u00e9 750 pessoas em formato audit\u00f3rio, sanit\u00e1rios masculino e feminino, toda instala\u00e7\u00e3o de som, assim como conex\u00f5es para v\u00eddeo e Flip Chart.<\/p>\n<p>Adega Subterr\u00e2nea:<\/p>\n<p>Espa\u00e7o Gourmet:<\/p>\n<p>&nbsp;<\/p>","protected":false},"excerpt":{"rendered":"<p>CONHE\u00c7A OS 7 SAL\u00d5ES DE EVENTOS DO RESORT Centro de conven\u00e7\u00f5es dedicado para realiza\u00e7\u00e3o de eventos, isto \u00e9,&#8230;<\/p>","protected":false},"author":1,"featured_media":5516,"parent":0,"menu_order":0,"comment_status":"closed","ping_status":"closed","template":"taxonomy-eventos.php","meta":{"footnotes":""},"class_list":["post-31","page","type-page","status-publish","has-post-thumbnail","hentry"],"yoast_head":"<!-- This site is optimized with the Yoast SEO plugin v25.7 - https:\/\/yoast.com\/wordpress\/plugins\/seo\/ -->\n<title>Eventos | Terra Parque<\/title>\n<meta name=\"description\" content=\"Traga o seu evento para a natureza! O Terra Parque conta com centro de conven\u00e7\u00f5es dedicado para realiza\u00e7\u00e3o de eventos com diversos ambientes.\" \/>\n<meta name=\"robots\" content=\"index, follow, max-snippet:-1, max-image-preview:large, max-video-preview:-1\" \/>\n<link rel=\"canonical\" href=\"https:\/\/terraparque.tur.br\/en\/eventos\/\" \/>\n<meta property=\"og:locale\" content=\"en_US\" \/>\n<meta property=\"og:type\" content=\"article\" \/>\n<meta property=\"og:title\" content=\"Eventos | Terra Parque\" \/>\n<meta property=\"og:description\" content=\"Traga o seu evento para a natureza! O Terra Parque conta com centro de conven\u00e7\u00f5es dedicado para realiza\u00e7\u00e3o de eventos com diversos ambientes.\" \/>\n<meta property=\"og:url\" content=\"https:\/\/terraparque.tur.br\/en\/eventos\/\" \/>\n<meta property=\"og:site_name\" content=\"Terra Parque\" \/>\n<meta property=\"article:publisher\" content=\"https:\/\/www.facebook.com\/terraparque\" \/>\n<meta property=\"article:modified_time\" content=\"2025-12-22T17:05:45+00:00\" \/>\n<meta property=\"og:image\" content=\"https:\/\/terraparque.tur.br\/wp-content\/uploads\/2025\/05\/foto%20jovens%20do%20agro.jpg\" \/>\n\t<meta property=\"og:image:width\" content=\"1600\" \/>\n\t<meta property=\"og:image:height\" content=\"1200\" \/>\n\t<meta property=\"og:image:type\" content=\"image\/jpeg\" \/>\n<meta name=\"twitter:card\" content=\"summary_large_image\" \/>\n<meta name=\"twitter:label1\" content=\"Est. reading time\" \/>\n\t<meta name=\"twitter:data1\" content=\"2 minutes\" \/>\n<script type=\"application\/ld+json\" class=\"yoast-schema-graph\">{\"@context\":\"https:\/\/schema.org\",\"@graph\":[{\"@type\":\"WebPage\",\"@id\":\"https:\/\/terraparque.tur.br\/eventos\/\",\"url\":\"https:\/\/terraparque.tur.br\/eventos\/\",\"name\":\"Eventos | Terra Parque\",\"isPartOf\":{\"@id\":\"https:\/\/terraparque.tur.br\/#website\"},\"primaryImageOfPage\":{\"@id\":\"https:\/\/terraparque.tur.br\/eventos\/#primaryimage\"},\"image\":{\"@id\":\"https:\/\/terraparque.tur.br\/eventos\/#primaryimage\"},\"thumbnailUrl\":\"https:\/\/terraparque.tur.br\/wp-content\/uploads\/2025\/05\/foto jovens do agro.jpg\",\"datePublished\":\"2023-02-06T17:36:27+00:00\",\"dateModified\":\"2025-12-22T17:05:45+00:00\",\"description\":\"Traga o seu evento para a natureza! O Terra Parque conta com centro de conven\u00e7\u00f5es dedicado para realiza\u00e7\u00e3o de eventos com diversos ambientes.\",\"breadcrumb\":{\"@id\":\"https:\/\/terraparque.tur.br\/eventos\/#breadcrumb\"},\"inLanguage\":\"en-US\",\"potentialAction\":[{\"@type\":\"ReadAction\",\"target\":[\"https:\/\/terraparque.tur.br\/eventos\/\"]}]},{\"@type\":\"ImageObject\",\"inLanguage\":\"en-US\",\"@id\":\"https:\/\/terraparque.tur.br\/eventos\/#primaryimage\",\"url\":\"https:\/\/terraparque.tur.br\/wp-content\/uploads\/2025\/05\/foto jovens do agro.jpg\",\"contentUrl\":\"https:\/\/terraparque.tur.br\/wp-content\/uploads\/2025\/05\/foto jovens do agro.jpg\",\"width\":1600,\"height\":1200},{\"@type\":\"BreadcrumbList\",\"@id\":\"https:\/\/terraparque.tur.br\/eventos\/#breadcrumb\",\"itemListElement\":[{\"@type\":\"ListItem\",\"position\":1,\"name\":\"Home\",\"item\":\"https:\/\/terraparque.tur.br\/\"},{\"@type\":\"ListItem\",\"position\":2,\"name\":\"Eventos\"}]},{\"@type\":\"WebSite\",\"@id\":\"https:\/\/terraparque.tur.br\/#website\",\"url\":\"https:\/\/terraparque.tur.br\/\",\"name\":\"Terra Parque Eco Resort\",\"description\":\"\",\"publisher\":{\"@id\":\"https:\/\/terraparque.tur.br\/#organization\"},\"potentialAction\":[{\"@type\":\"SearchAction\",\"target\":{\"@type\":\"EntryPoint\",\"urlTemplate\":\"https:\/\/terraparque.tur.br\/?s={search_term_string}\"},\"query-input\":{\"@type\":\"PropertyValueSpecification\",\"valueRequired\":true,\"valueName\":\"search_term_string\"}}],\"inLanguage\":\"en-US\"},{\"@type\":\"Organization\",\"@id\":\"https:\/\/terraparque.tur.br\/#organization\",\"name\":\"Terra Parque Eco Resort\",\"url\":\"https:\/\/terraparque.tur.br\/\",\"logo\":{\"@type\":\"ImageObject\",\"inLanguage\":\"en-US\",\"@id\":\"https:\/\/terraparque.tur.br\/#\/schema\/logo\/image\/\",\"url\":\"https:\/\/terraparque.tur.br\/wp-content\/uploads\/2023\/03\/terra-favicon.png\",\"contentUrl\":\"https:\/\/terraparque.tur.br\/wp-content\/uploads\/2023\/03\/terra-favicon.png\",\"width\":512,\"height\":512,\"caption\":\"Terra Parque Eco Resort\"},\"image\":{\"@id\":\"https:\/\/terraparque.tur.br\/#\/schema\/logo\/image\/\"},\"sameAs\":[\"https:\/\/www.facebook.com\/terraparque\",\"https:\/\/www.instagram.com\/terraparque\/\",\"https:\/\/www.youtube.com\/terraparqueecoresort\",\"https:\/\/www.tiktok.com\/@terraparque\",\"https:\/\/www.tripadvisor.com.br\/Hotel_Review-g2350053-d2623441-Reviews-Terra_Parque_Eco_Resort-Pirapozinho_State_of_Sao_Paulo.html\"]}]}<\/script>\n<!-- \/ Yoast SEO plugin. -->","yoast_head_json":{"title":"Eventos | Terra Parque","description":"Traga o seu evento para a natureza! O Terra Parque conta com centro de conven\u00e7\u00f5es dedicado para realiza\u00e7\u00e3o de eventos com diversos ambientes.","robots":{"index":"index","follow":"follow","max-snippet":"max-snippet:-1","max-image-preview":"max-image-preview:large","max-video-preview":"max-video-preview:-1"},"canonical":"https:\/\/terraparque.tur.br\/en\/eventos\/","og_locale":"en_US","og_type":"article","og_title":"Eventos | Terra Parque","og_description":"Traga o seu evento para a natureza! O Terra Parque conta com centro de conven\u00e7\u00f5es dedicado para realiza\u00e7\u00e3o de eventos com diversos ambientes.","og_url":"https:\/\/terraparque.tur.br\/en\/eventos\/","og_site_name":"Terra Parque","article_publisher":"https:\/\/www.facebook.com\/terraparque","article_modified_time":"2025-12-22T17:05:45+00:00","og_image":[{"width":1600,"height":1200,"url":"https:\/\/terraparque.tur.br\/wp-content\/uploads\/2025\/05\/foto jovens do agro.jpg","type":"image\/jpeg"}],"twitter_card":"summary_large_image","twitter_misc":{"Est. reading time":"2 minutes"},"schema":{"@context":"https:\/\/schema.org","@graph":[{"@type":"WebPage","@id":"https:\/\/terraparque.tur.br\/eventos\/","url":"https:\/\/terraparque.tur.br\/eventos\/","name":"Eventos | Terra Parque","isPartOf":{"@id":"https:\/\/terraparque.tur.br\/#website"},"primaryImageOfPage":{"@id":"https:\/\/terraparque.tur.br\/eventos\/#primaryimage"},"image":{"@id":"https:\/\/terraparque.tur.br\/eventos\/#primaryimage"},"thumbnailUrl":"https:\/\/terraparque.tur.br\/wp-content\/uploads\/2025\/05\/foto jovens do agro.jpg","datePublished":"2023-02-06T17:36:27+00:00","dateModified":"2025-12-22T17:05:45+00:00","description":"Traga o seu evento para a natureza! O Terra Parque conta com centro de conven\u00e7\u00f5es dedicado para realiza\u00e7\u00e3o de eventos com diversos ambientes.","breadcrumb":{"@id":"https:\/\/terraparque.tur.br\/eventos\/#breadcrumb"},"inLanguage":"en-US","potentialAction":[{"@type":"ReadAction","target":["https:\/\/terraparque.tur.br\/eventos\/"]}]},{"@type":"ImageObject","inLanguage":"en-US","@id":"https:\/\/terraparque.tur.br\/eventos\/#primaryimage","url":"https:\/\/terraparque.tur.br\/wp-content\/uploads\/2025\/05\/foto jovens do agro.jpg","contentUrl":"https:\/\/terraparque.tur.br\/wp-content\/uploads\/2025\/05\/foto jovens do agro.jpg","width":1600,"height":1200},{"@type":"BreadcrumbList","@id":"https:\/\/terraparque.tur.br\/eventos\/#breadcrumb","itemListElement":[{"@type":"ListItem","position":1,"name":"Home","item":"https:\/\/terraparque.tur.br\/"},{"@type":"ListItem","position":2,"name":"Eventos"}]},{"@type":"WebSite","@id":"https:\/\/terraparque.tur.br\/#website","url":"https:\/\/terraparque.tur.br\/","name":"Terra Parque Eco Resort","description":"","publisher":{"@id":"https:\/\/terraparque.tur.br\/#organization"},"potentialAction":[{"@type":"SearchAction","target":{"@type":"EntryPoint","urlTemplate":"https:\/\/terraparque.tur.br\/?s={search_term_string}"},"query-input":{"@type":"PropertyValueSpecification","valueRequired":true,"valueName":"search_term_string"}}],"inLanguage":"en-US"},{"@type":"Organization","@id":"https:\/\/terraparque.tur.br\/#organization","name":"Terra Parque Eco Resort","url":"https:\/\/terraparque.tur.br\/","logo":{"@type":"ImageObject","inLanguage":"en-US","@id":"https:\/\/terraparque.tur.br\/#\/schema\/logo\/image\/","url":"https:\/\/terraparque.tur.br\/wp-content\/uploads\/2023\/03\/terra-favicon.png","contentUrl":"https:\/\/terraparque.tur.br\/wp-content\/uploads\/2023\/03\/terra-favicon.png","width":512,"height":512,"caption":"Terra Parque Eco Resort"},"image":{"@id":"https:\/\/terraparque.tur.br\/#\/schema\/logo\/image\/"},"sameAs":["https:\/\/www.facebook.com\/terraparque","https:\/\/www.instagram.com\/terraparque\/","https:\/\/www.youtube.com\/terraparqueecoresort","https:\/\/www.tiktok.com\/@terraparque","https:\/\/www.tripadvisor.com.br\/Hotel_Review-g2350053-d2623441-Reviews-Terra_Parque_Eco_Resort-Pirapozinho_State_of_Sao_Paulo.html"]}]}},"_links":{"self":[{"href":"https:\/\/terraparque.tur.br\/en\/wp-json\/wp\/v2\/pages\/31","targetHints":{"allow":["GET"]}}],"collection":[{"href":"https:\/\/terraparque.tur.br\/en\/wp-json\/wp\/v2\/pages"}],"about":[{"href":"https:\/\/terraparque.tur.br\/en\/wp-json\/wp\/v2\/types\/page"}],"author":[{"embeddable":true,"href":"https:\/\/terraparque.tur.br\/en\/wp-json\/wp\/v2\/users\/1"}],"replies":[{"embeddable":true,"href":"https:\/\/terraparque.tur.br\/en\/wp-json\/wp\/v2\/comments?post=31"}],"version-history":[{"count":0,"href":"https:\/\/terraparque.tur.br\/en\/wp-json\/wp\/v2\/pages\/31\/revisions"}],"wp:featuredmedia":[{"embeddable":true,"href":"https:\/\/terraparque.tur.br\/en\/wp-json\/wp\/v2\/media\/5516"}],"wp:attachment":[{"href":"https:\/\/terraparque.tur.br\/en\/wp-json\/wp\/v2\/media?parent=31"}],"curies":[{"name":"wp","href":"https:\/\/api.w.org\/{rel}","templated":true}]}}